{"id":843,"date":"2016-03-10T22:11:23","date_gmt":"2016-03-10T21:11:23","guid":{"rendered":"http:\/\/wilhelm-busch-realschule.de\/?page_id=843"},"modified":"2016-04-01T19:40:03","modified_gmt":"2016-04-01T17:40:03","slug":"kurs","status":"publish","type":"page","link":"https:\/\/www.wilhelm-busch-realschule.de\/?page_id=843","title":{"rendered":"KURS"},"content":{"rendered":"<p>Am Dienstag, dem 22. 03.2016, erschien im K\u00f6lner Stadt-Anzeiger ein Artikel zu unserer Auszeichnungsfeier mit dem CMS Altenstift.<\/p>\n<p><img fetchpriority=\"high\" decoding=\"async\" class=\"aligncenter\" src=\"http:\/\/cms-verbund.de\/typo3temp\/_processed_\/csm_160322_ksta_porz_b02f34e2ef.jpg\" alt=\"\" width=\"679\" height=\"572\" \/><\/p>\n<p style=\"text-align: center;\"><strong> Quelle:\u00a0 K\u00f6lner Stadt-Anzeiger<\/strong><\/p>\n<p>Siehe auch: <a href=\"http:\/\/cms-verbund.de\/pflege-und-wohnen\/cms-pflegewohnstift-porz\/pressespiegel\/presseartikel\/?tx_ttnews[pointer]=3&amp;tx_ttnews[backPid]=287&amp;tx_ttnews[tt_news]=1587&amp;cHash=543f85f3ee88ff8f294ef65ee9223ef7\">http:\/\/cms-verbund.de\/pflege-und-wohnen\/cms-pflegewohnstift-porz\/pressespiegel\/presseartikel\/?tx_ttnews[pointer]=3&amp;tx_ttnews[backPid]=287&amp;tx_ttnews[tt_news]=1587&amp;cHash=543f85f3ee88ff8f294ef65ee9223ef7<\/a><\/p>\n<p>Ein weiterer Artikel zur Zertifizierungsfeier zwischen der Wilhelm-Busch-Realschule und dem CMS-Seniorenstift erschien am 26.03.2016 im Lokalblatt &#8222;Porz am Montag&#8220;:<\/p>\n<p><a href=\"http:\/\/www.ortszeitungen.de\/eNewsPaper\/PAM\/PAM_12_2016.pdf\">http:\/\/www.ortszeitungen.de\/eNewsPaper\/PAM\/PAM_12_2016.pdf<\/a><\/p>\n<p><img decoding=\"async\" class=\"aligncenter\" src=\"http:\/\/www.ortszeitungen.de\/rmp\/DxMLW?Template=.\/Templates\/Bild.tpl&amp;ID=497377\" alt=\"http:\/\/www.ortszeitungen.de\/rmp\/DxMLW?Template=.\/Templates\/Bild.tpl&amp;ID=497377\" \/><\/p>\n<p style=\"text-align: center;\"><strong>Foto: K.H. Morkowsky<\/strong><\/p>\n<p>___________________________________________________________________<\/p>\n<p>Die KURS \u00a0&#8211; Zertifizierungsfeier zwischen der Wilhelm-Busch-Realschule und dem CMS Seniorenstift findet am 15.03.2016 von 14:00 \u2013 ca. 15:00 Uhr im Bistro des CMS Pflegewohnstifts Porz, Josefstr. 20, 51143 K\u00f6ln statt.<\/p>\n<p>Das Programm der Veranstaltung k\u00f6nnen Sie hier als PDF einsehen: <a href=\"http:\/\/wilhelm-busch-realschule.de\/wp-content\/uploads\/2016\/03\/Programm_KURS.pdf\">Programm_KURS<\/a><\/p>\n<p>___________________________________________________________________<\/p>\n<p>KURS ist eine landesweit bekannte Initiative der Bezirksregierung K\u00f6ln mit der Industrie- und Handelskammer K\u00f6ln, die Partnerschaften zwischen Schulen, Unternehmen, Verb\u00e4nden oder anderen Tr\u00e4gern aufbaut und im Prozess begleitet.<\/p>\n<p>Da der soziale und auch der Pflegebereich in Deutschland hohe Wachstumsraten aufweist, w\u00e4chst hier auch das Angebot an Berufsausbildungen. F\u00fcr uns als Schule ist die Partnerschaft mit KURS deswegen besonders wertvoll in Bezug auf m\u00f6gliche Praktikumsstellenangebote und als Ausbildungsunternehmen. Zudem kann hier der Umgang unserer Sch\u00fclerinnen und Sch\u00fcler mit alten oder pflegebed\u00fcrftigen Menschen gef\u00f6rdert werden. Wir betrachten das Projekt KURS als gro\u00dfen Zugewinn.<\/p>\n<p>Informationen zu KURS K\u00d6LN:\u00a0 <a href=\"http:\/\/www.kurs-koeln.de\/die-initiative-kurs-im-regierungsbezirk-koln\/die-trager\"> http:\/\/www.kurs-koeln.de\/die-initiative-kurs-im-regierungsbezirk-koln\/die-trager<\/a><\/p>\n","protected":false},"excerpt":{"rendered":"<p>Am Dienstag, dem 22. 03.2016, erschien im K\u00f6lner Stadt-Anzeiger ein Artikel zu unserer Auszeichnungsfeier mit dem CMS Altenstift. Quelle:\u00a0 K\u00f6lner Stadt-Anzeiger Siehe auch: http:\/\/cms-verbund.de\/pflege-und-wohnen\/cms-pflegewohnstift-porz\/pressespiegel\/presseartikel\/?tx_ttnews[pointer]=3&amp;tx_ttnews[backPid]=287&amp;tx_ttnews[tt_news]=1587&amp;cHash=543f85f3ee88ff8f294ef65ee9223ef7 Ein weiterer Artikel zur Zertifizierungsfeier zwischen [&hellip;]<\/p>\n","protected":false},"author":3,"featured_media":0,"parent":57,"menu_order":0,"comment_status":"closed","ping_status":"closed","template":"","meta":{"ngg_post_thumbnail":0,"ocean_post_layout":"","ocean_both_sidebars_style":"","ocean_both_sidebars_content_width":0,"ocean_both_sidebars_sidebars_width":0,"ocean_sidebar":"","ocean_second_sidebar":"","ocean_disable_margins":"enable","ocean_add_body_class":"","ocean_shortcode_before_top_bar":"","ocean_shortcode_after_top_bar":"","ocean_shortcode_before_header":"","ocean_shortcode_after_header":"","ocean_has_shortcode":"","ocean_shortcode_after_title":"","ocean_shortcode_before_footer_widgets":"","ocean_shortcode_after_footer_widgets":"","ocean_shortcode_before_footer_bottom":"","ocean_shortcode_after_footer_bottom":"","ocean_display_top_bar":"default","ocean_display_header":"default","ocean_header_style":"","ocean_center_header_left_menu":"","ocean_custom_header_template":"","ocean_custom_logo":0,"ocean_custom_retina_logo":0,"ocean_custom_logo_max_width":0,"ocean_custom_logo_tablet_max_width":0,"ocean_custom_logo_mobile_max_width":0,"ocean_custom_logo_max_height":0,"ocean_custom_logo_tablet_max_height":0,"ocean_custom_logo_mobile_max_height":0,"ocean_header_custom_menu":"","ocean_menu_typo_font_family":"","ocean_menu_typo_font_subset":"","ocean_menu_typo_font_size":0,"ocean_menu_typo_font_size_tablet":0,"ocean_menu_typo_font_size_mobile":0,"ocean_menu_typo_font_size_unit":"px","ocean_menu_typo_font_weight":"","ocean_menu_typo_font_weight_tablet":"","ocean_menu_typo_font_weight_mobile":"","ocean_menu_typo_transform":"","ocean_menu_typo_transform_tablet":"","ocean_menu_typo_transform_mobile":"","ocean_menu_typo_line_height":0,"ocean_menu_typo_line_height_tablet":0,"ocean_menu_typo_line_height_mobile":0,"ocean_menu_typo_line_height_unit":"","ocean_menu_typo_spacing":0,"ocean_menu_typo_spacing_tablet":0,"ocean_menu_typo_spacing_mobile":0,"ocean_menu_typo_spacing_unit":"","ocean_menu_link_color":"","ocean_menu_link_color_hover":"","ocean_menu_link_color_active":"","ocean_menu_link_background":"","ocean_menu_link_hover_background":"","ocean_menu_link_active_background":"","ocean_menu_social_links_bg":"","ocean_menu_social_hover_links_bg":"","ocean_menu_social_links_color":"","ocean_menu_social_hover_links_color":"","ocean_disable_title":"default","ocean_disable_heading":"default","ocean_post_title":"","ocean_post_subheading":"","ocean_post_title_style":"","ocean_post_title_background_color":"","ocean_post_title_background":0,"ocean_post_title_bg_image_position":"","ocean_post_title_bg_image_attachment":"","ocean_post_title_bg_image_repeat":"","ocean_post_title_bg_image_size":"","ocean_post_title_height":0,"ocean_post_title_bg_overlay":0.5,"ocean_post_title_bg_overlay_color":"","ocean_disable_breadcrumbs":"default","ocean_breadcrumbs_color":"","ocean_breadcrumbs_separator_color":"","ocean_breadcrumbs_links_color":"","ocean_breadcrumbs_links_hover_color":"","ocean_display_footer_widgets":"default","ocean_display_footer_bottom":"default","ocean_custom_footer_template":"","footnotes":""},"class_list":["post-843","page","type-page","status-publish","hentry","entry"],"_links":{"self":[{"href":"https:\/\/www.wilhelm-busch-realschule.de\/index.php?rest_route=\/wp\/v2\/pages\/843","targetHints":{"allow":["GET"]}}],"collection":[{"href":"https:\/\/www.wilhelm-busch-realschule.de\/index.php?rest_route=\/wp\/v2\/pages"}],"about":[{"href":"https:\/\/www.wilhelm-busch-realschule.de\/index.php?rest_route=\/wp\/v2\/types\/page"}],"author":[{"embeddable":true,"href":"https:\/\/www.wilhelm-busch-realschule.de\/index.php?rest_route=\/wp\/v2\/users\/3"}],"replies":[{"embeddable":true,"href":"https:\/\/www.wilhelm-busch-realschule.de\/index.php?rest_route=%2Fwp%2Fv2%2Fcomments&post=843"}],"version-history":[{"count":8,"href":"https:\/\/www.wilhelm-busch-realschule.de\/index.php?rest_route=\/wp\/v2\/pages\/843\/revisions"}],"predecessor-version":[{"id":874,"href":"https:\/\/www.wilhelm-busch-realschule.de\/index.php?rest_route=\/wp\/v2\/pages\/843\/revisions\/874"}],"up":[{"embeddable":true,"href":"https:\/\/www.wilhelm-busch-realschule.de\/index.php?rest_route=\/wp\/v2\/pages\/57"}],"wp:attachment":[{"href":"https:\/\/www.wilhelm-busch-realschule.de\/index.php?rest_route=%2Fwp%2Fv2%2Fmedia&parent=843"}],"curies":[{"name":"wp","href":"https:\/\/api.w.org\/{rel}","templated":true}]}}