{"id":4695,"date":"2021-02-02T18:55:51","date_gmt":"2021-02-02T17:55:51","guid":{"rendered":"http:\/\/wilhelm-busch-realschule.de\/?page_id=4695"},"modified":"2024-02-08T10:52:18","modified_gmt":"2024-02-08T09:52:18","slug":"leitbild","status":"publish","type":"page","link":"https:\/\/www.wilhelm-busch-realschule.de\/?page_id=4695","title":{"rendered":"Leitbild"},"content":{"rendered":"<h3 class=\"p1\"><strong><span class=\"s1\">Unser Leitbild f\u00fcr Schule und Unterricht\u00a0<\/span><\/strong><\/h3>\n<p>\u00a0<\/p>\n<p class=\"p1\" style=\"text-align: center;\"><strong><span class=\"s1\"><i>Wir bewegen. Wir bilden. Wir begeistern.<\/i><\/span><\/strong><\/p>\n<div class=\"page\" title=\"Page 3\">\n<div class=\"layoutArea\">\n<div class=\"column\">\n<p><strong>Wir bewegen<\/strong><\/p>\n<p>In unserem Leitbild verankert sich die \u00dcberzeugung, dass wir uns in st\u00e4ndiger Bewegung befinden \u2013 als Individuen, als Gemeinschaft und als Bildungseinrichtung. Wir gestalten aktiv Bildungsprozesse, indem wir nicht nur Wissen vermitteln, sondern auch ein Umfeld schaffen, das zur pers\u00f6nlichen Entfaltung und Entwicklung anregt.<\/p>\n<p><strong>Wir bilden<\/strong><\/p>\n<p>Wir verstehen uns als Gestalterinnen und Gestalter von Wissen, die nicht nur lehren, sondern auch lernen. Unser Fokus liegt auf einer ganzheitlichen Bildung, die nicht nur den Verstand, sondern auch die Pers\u00f6nlichkeit unserer Sch\u00fclerinnen und Sch\u00fcler formt. Dabei legen wir Wert auf kreative Methoden, die Begeisterung f\u00fcr das Lernen wecken und nachhaltige Eindr\u00fccke hinterlassen.<\/p>\n<p><strong>Wir begeistern<\/strong><\/p>\n<p>Als Schule begeistern wir nicht nur uns selbst, sondern inspirieren auch andere. Wir streben danach, eine positive Lernatmosph\u00e4re zu schaffen, die nicht nur den Unterricht, sondern den gesamten Schullebensraum durchdringt. Gemeinsam bilden wir eine lebendige und inspirierende Gemeinschaft, in der jeder Einzelne dazu ermutigt wird, sein volles Potenzial zu entfalten.<\/p>\n<\/div>\n<\/div>\n<\/div>\n\n\n<figure class=\"wp-block-image size-large is-resized\"><img fetchpriority=\"high\" decoding=\"async\" src=\"http:\/\/wilhelm-busch-realschule.de\/wp-content\/uploads\/2021\/02\/Leitbild_WBRS-Version-f\u00fcr-die-Homepage-Schaubild-1024x415.jpg\" alt=\"\" class=\"wp-image-4707\" width=\"850\" height=\"346\"\/><\/figure>\n","protected":false},"excerpt":{"rendered":"<p>Unser Leitbild f\u00fcr Schule und Unterricht\u00a0 \u00a0 Wir bewegen. Wir bilden. Wir begeistern. Wir bewegen In unserem Leitbild verankert sich die \u00dcberzeugung, dass wir uns in st\u00e4ndiger Bewegung befinden \u2013 [&hellip;]<\/p>\n","protected":false},"author":7,"featured_media":0,"parent":0,"menu_order":0,"comment_status":"closed","ping_status":"closed","template":"","meta":{"ngg_post_thumbnail":0,"ocean_post_layout":"","ocean_both_sidebars_style":"","ocean_both_sidebars_content_width":0,"ocean_both_sidebars_sidebars_width":0,"ocean_sidebar":"0","ocean_second_sidebar":"0","ocean_disable_margins":"enable","ocean_add_body_class":"","ocean_shortcode_before_top_bar":"","ocean_shortcode_after_top_bar":"","ocean_shortcode_before_header":"","ocean_shortcode_after_header":"","ocean_has_shortcode":"","ocean_shortcode_after_title":"","ocean_shortcode_before_footer_widgets":"","ocean_shortcode_after_footer_widgets":"","ocean_shortcode_before_footer_bottom":"","ocean_shortcode_after_footer_bottom":"","ocean_display_top_bar":"default","ocean_display_header":"default","ocean_header_style":"","ocean_center_header_left_menu":"0","ocean_custom_header_template":"0","ocean_custom_logo":0,"ocean_custom_retina_logo":0,"ocean_custom_logo_max_width":0,"ocean_custom_logo_tablet_max_width":0,"ocean_custom_logo_mobile_max_width":0,"ocean_custom_logo_max_height":0,"ocean_custom_logo_tablet_max_height":0,"ocean_custom_logo_mobile_max_height":0,"ocean_header_custom_menu":"0","ocean_menu_typo_font_family":"0","ocean_menu_typo_font_subset":"","ocean_menu_typo_font_size":0,"ocean_menu_typo_font_size_tablet":0,"ocean_menu_typo_font_size_mobile":0,"ocean_menu_typo_font_size_unit":"px","ocean_menu_typo_font_weight":"","ocean_menu_typo_font_weight_tablet":"","ocean_menu_typo_font_weight_mobile":"","ocean_menu_typo_transform":"","ocean_menu_typo_transform_tablet":"","ocean_menu_typo_transform_mobile":"","ocean_menu_typo_line_height":0,"ocean_menu_typo_line_height_tablet":0,"ocean_menu_typo_line_height_mobile":0,"ocean_menu_typo_line_height_unit":"","ocean_menu_typo_spacing":0,"ocean_menu_typo_spacing_tablet":0,"ocean_menu_typo_spacing_mobile":0,"ocean_menu_typo_spacing_unit":"","ocean_menu_link_color":"","ocean_menu_link_color_hover":"","ocean_menu_link_color_active":"","ocean_menu_link_background":"","ocean_menu_link_hover_background":"","ocean_menu_link_active_background":"","ocean_menu_social_links_bg":"","ocean_menu_social_hover_links_bg":"","ocean_menu_social_links_color":"","ocean_menu_social_hover_links_color":"","ocean_disable_title":"default","ocean_disable_heading":"default","ocean_post_title":"","ocean_post_subheading":"","ocean_post_title_style":"","ocean_post_title_background_color":"","ocean_post_title_background":0,"ocean_post_title_bg_image_position":"","ocean_post_title_bg_image_attachment":"","ocean_post_title_bg_image_repeat":"","ocean_post_title_bg_image_size":"","ocean_post_title_height":0,"ocean_post_title_bg_overlay":0.5,"ocean_post_title_bg_overlay_color":"","ocean_disable_breadcrumbs":"default","ocean_breadcrumbs_color":"","ocean_breadcrumbs_separator_color":"","ocean_breadcrumbs_links_color":"","ocean_breadcrumbs_links_hover_color":"","ocean_display_footer_widgets":"default","ocean_display_footer_bottom":"default","ocean_custom_footer_template":"0","footnotes":""},"class_list":["post-4695","page","type-page","status-publish","hentry","entry"],"_links":{"self":[{"href":"https:\/\/www.wilhelm-busch-realschule.de\/index.php?rest_route=\/wp\/v2\/pages\/4695","targetHints":{"allow":["GET"]}}],"collection":[{"href":"https:\/\/www.wilhelm-busch-realschule.de\/index.php?rest_route=\/wp\/v2\/pages"}],"about":[{"href":"https:\/\/www.wilhelm-busch-realschule.de\/index.php?rest_route=\/wp\/v2\/types\/page"}],"author":[{"embeddable":true,"href":"https:\/\/www.wilhelm-busch-realschule.de\/index.php?rest_route=\/wp\/v2\/users\/7"}],"replies":[{"embeddable":true,"href":"https:\/\/www.wilhelm-busch-realschule.de\/index.php?rest_route=%2Fwp%2Fv2%2Fcomments&post=4695"}],"version-history":[{"count":16,"href":"https:\/\/www.wilhelm-busch-realschule.de\/index.php?rest_route=\/wp\/v2\/pages\/4695\/revisions"}],"predecessor-version":[{"id":6644,"href":"https:\/\/www.wilhelm-busch-realschule.de\/index.php?rest_route=\/wp\/v2\/pages\/4695\/revisions\/6644"}],"wp:attachment":[{"href":"https:\/\/www.wilhelm-busch-realschule.de\/index.php?rest_route=%2Fwp%2Fv2%2Fmedia&parent=4695"}],"curies":[{"name":"wp","href":"https:\/\/api.w.org\/{rel}","templated":true}]}}