{"id":417,"date":"2015-09-07T13:00:28","date_gmt":"2015-09-07T11:00:28","guid":{"rendered":"http:\/\/wilhelm-busch-realschule.de\/?page_id=417"},"modified":"2015-09-08T20:01:51","modified_gmt":"2015-09-08T18:01:51","slug":"autorenlesung","status":"publish","type":"page","link":"https:\/\/www.wilhelm-busch-realschule.de\/?page_id=417","title":{"rendered":"Autorenlesung"},"content":{"rendered":"<h1>Die Autorin \u201eHanna Jansen\u201c kam in unsere Literatur-AG<\/h1>\n<p>&nbsp;<\/p>\n<p>Die Autorin \u201eHanna Jansen\u201c kam in unsere Literatur-AG Am 20. November 2014 empfing die Literatur-AG der W.-Busch-Realschule die Buchautorin und fr\u00fchere Porzer Gesamtschullehrerin Hanna Jansen zu einer Lesung. Im Rahmen der Aktion \u201eHeimspiel\u201c \u2013 K\u00f6lner Autoren lesen f\u00fcr Sch\u00fcler \u2013 hatte sich unsere Bibliothekarin, Frau G\u00f6del, daf\u00fcr eingesetzt, dass die Literatur-AG eine eigene Lesung von Hanna Jansen bekam.<\/p>\n<p><img decoding=\"async\" src=\"http:\/\/wilhelm-busch-realschule.de\/ALT\/infos\/bibliothek\/autorenlesungen\/Hanna_Jansen\/img\/hGK92fLXvd.png\" alt=\"\" width=\"100%\" \/><\/p>\n<p>Unsere Vorbereitungen begannen drei Wochen vorher, als wir erfuhren, dass wir eine eigene Autorenlesung in unsere Literatur-AG bekommen sollten. Wir haben uns \u00fcber Hanna Jansen und ihre B\u00fccher informiert. Sie hat vier B\u00fccher geschrieben, die alle in der Bibi vorhanden sind. Ihr Spezialthema ist Ruanda, das Land, die Menschen und der B\u00fcrgerkrieg 1994, indem in wenigen Monaten hunderttausende der Bev\u00f6lkerungs gruppe der Tutsi get\u00f6tet wurden.<br \/>\nHanna Jansen hat zw\u00f6lf Kinder aus afrikanischen Krisengebieten in ihre Familie aufgenommen und sieben davon adoptiert.<br \/>\nDas hatte uns besonders interessiert und wir haben uns Fragen \u00fcberlegt, zu ihrer Familie, zu Ruanda und zu ihren B\u00fcchern.<br \/>\nDazu haben wir eine Informationswand erstellt und Kuchen gebacken und waren sehr gespannt.<\/p>\n<p><img decoding=\"async\" src=\"http:\/\/wilhelm-busch-realschule.de\/ALT\/infos\/bibliothek\/autorenlesungen\/Hanna_Jansen\/img\/cSWScdb37I.png\" alt=\"\" width=\"100%\" \/><\/p>\n<p>Unser Schulleiter, Herr Niederkrome, Frau G\u00f6del und Frau Richter und wir hie\u00dfen sie herzlich willkommen in der Bibliothek.<br \/>\nHanna Jansen erz\u00e4hlte von ihrer gro\u00dfen Familie und dass das Leben mit so vielen Kindern aus unterschiedlichen Kulturen sehr sch\u00f6n und interessant ist, aber auch nicht immer einfach.<\/p>\n<p><img decoding=\"async\" src=\"http:\/\/wilhelm-busch-realschule.de\/ALT\/infos\/bibliothek\/autorenlesungen\/Hanna_Jansen\/img\/zkGKHtl5eV.png\" alt=\"\" width=\"100%\" \/><\/p>\n<p>Dann las sie aus ihrem Buch \u201eHerzsteine\u201c zwei Textstellen vor, die mit den schlimmen Ereignissen in Ruanda 1994 in Verbindung stehen. Die Hauptperson \u201eSam\u201c ist verkn\u00fcpft mit einer wahren Hintergrundgeschichte, die Hanna Jansen von Augenzeugen des Massakers erfahren hat.<br \/>\nAuch ihr Buch \u201e\u00dcber tausend H\u00fcgel wandere ich mit dir\u201c erz\u00e4hlt von dem Kind Jeanne, das in diesem B\u00fcrgerkrieg seine ganze Familie verloren hat. Diese Jeanne ist heute von Hanna Jansen und ihrem Mann adoptiert.<br \/>\nHanna Jansen berichtete von ihrem eigenen Aufenthalt in Ruanda mit ihrem Adoptivsohn Jeanno und zeigte Bilder, wie der dort 2 K\u00fche geschenkt bekam und von den Massengr\u00e4bern des Massakers.<\/p>\n<p>Wir stellten ihr noch viele Fragen und bedankten uns am Ende herzlich f\u00fcr ihren Besuch.<\/p>\n<p>Die Literatur-AG<\/p>\n<p>&nbsp;<\/p>\n","protected":false},"excerpt":{"rendered":"<p>Die Autorin \u201eHanna Jansen\u201c kam in unsere Literatur-AG &nbsp; Die Autorin \u201eHanna Jansen\u201c kam in unsere Literatur-AG Am 20. November 2014 empfing die Literatur-AG der W.-Busch-Realschule die Buchautorin und fr\u00fchere [&hellip;]<\/p>\n","protected":false},"author":2,"featured_media":0,"parent":0,"menu_order":0,"comment_status":"closed","ping_status":"closed","template":"","meta":{"ngg_post_thumbnail":0,"ocean_post_layout":"","ocean_both_sidebars_style":"","ocean_both_sidebars_content_width":0,"ocean_both_sidebars_sidebars_width":0,"ocean_sidebar":"","ocean_second_sidebar":"","ocean_disable_margins":"enable","ocean_add_body_class":"","ocean_shortcode_before_top_bar":"","ocean_shortcode_after_top_bar":"","ocean_shortcode_before_header":"","ocean_shortcode_after_header":"","ocean_has_shortcode":"","ocean_shortcode_after_title":"","ocean_shortcode_before_footer_widgets":"","ocean_shortcode_after_footer_widgets":"","ocean_shortcode_before_footer_bottom":"","ocean_shortcode_after_footer_bottom":"","ocean_display_top_bar":"default","ocean_display_header":"default","ocean_header_style":"","ocean_center_header_left_menu":"","ocean_custom_header_template":"","ocean_custom_logo":0,"ocean_custom_retina_logo":0,"ocean_custom_logo_max_width":0,"ocean_custom_logo_tablet_max_width":0,"ocean_custom_logo_mobile_max_width":0,"ocean_custom_logo_max_height":0,"ocean_custom_logo_tablet_max_height":0,"ocean_custom_logo_mobile_max_height":0,"ocean_header_custom_menu":"","ocean_menu_typo_font_family":"","ocean_menu_typo_font_subset":"","ocean_menu_typo_font_size":0,"ocean_menu_typo_font_size_tablet":0,"ocean_menu_typo_font_size_mobile":0,"ocean_menu_typo_font_size_unit":"px","ocean_menu_typo_font_weight":"","ocean_menu_typo_font_weight_tablet":"","ocean_menu_typo_font_weight_mobile":"","ocean_menu_typo_transform":"","ocean_menu_typo_transform_tablet":"","ocean_menu_typo_transform_mobile":"","ocean_menu_typo_line_height":0,"ocean_menu_typo_line_height_tablet":0,"ocean_menu_typo_line_height_mobile":0,"ocean_menu_typo_line_height_unit":"","ocean_menu_typo_spacing":0,"ocean_menu_typo_spacing_tablet":0,"ocean_menu_typo_spacing_mobile":0,"ocean_menu_typo_spacing_unit":"","ocean_menu_link_color":"","ocean_menu_link_color_hover":"","ocean_menu_link_color_active":"","ocean_menu_link_background":"","ocean_menu_link_hover_background":"","ocean_menu_link_active_background":"","ocean_menu_social_links_bg":"","ocean_menu_social_hover_links_bg":"","ocean_menu_social_links_color":"","ocean_menu_social_hover_links_color":"","ocean_disable_title":"default","ocean_disable_heading":"default","ocean_post_title":"","ocean_post_subheading":"","ocean_post_title_style":"","ocean_post_title_background_color":"","ocean_post_title_background":0,"ocean_post_title_bg_image_position":"","ocean_post_title_bg_image_attachment":"","ocean_post_title_bg_image_repeat":"","ocean_post_title_bg_image_size":"","ocean_post_title_height":0,"ocean_post_title_bg_overlay":0.5,"ocean_post_title_bg_overlay_color":"","ocean_disable_breadcrumbs":"default","ocean_breadcrumbs_color":"","ocean_breadcrumbs_separator_color":"","ocean_breadcrumbs_links_color":"","ocean_breadcrumbs_links_hover_color":"","ocean_display_footer_widgets":"default","ocean_display_footer_bottom":"default","ocean_custom_footer_template":"","footnotes":""},"class_list":["post-417","page","type-page","status-publish","hentry","entry"],"_links":{"self":[{"href":"https:\/\/www.wilhelm-busch-realschule.de\/index.php?rest_route=\/wp\/v2\/pages\/417","targetHints":{"allow":["GET"]}}],"collection":[{"href":"https:\/\/www.wilhelm-busch-realschule.de\/index.php?rest_route=\/wp\/v2\/pages"}],"about":[{"href":"https:\/\/www.wilhelm-busch-realschule.de\/index.php?rest_route=\/wp\/v2\/types\/page"}],"author":[{"embeddable":true,"href":"https:\/\/www.wilhelm-busch-realschule.de\/index.php?rest_route=\/wp\/v2\/users\/2"}],"replies":[{"embeddable":true,"href":"https:\/\/www.wilhelm-busch-realschule.de\/index.php?rest_route=%2Fwp%2Fv2%2Fcomments&post=417"}],"version-history":[{"count":3,"href":"https:\/\/www.wilhelm-busch-realschule.de\/index.php?rest_route=\/wp\/v2\/pages\/417\/revisions"}],"predecessor-version":[{"id":494,"href":"https:\/\/www.wilhelm-busch-realschule.de\/index.php?rest_route=\/wp\/v2\/pages\/417\/revisions\/494"}],"wp:attachment":[{"href":"https:\/\/www.wilhelm-busch-realschule.de\/index.php?rest_route=%2Fwp%2Fv2%2Fmedia&parent=417"}],"curies":[{"name":"wp","href":"https:\/\/api.w.org\/{rel}","templated":true}]}}