{"id":4140,"date":"2020-12-22T11:44:10","date_gmt":"2020-12-22T10:44:10","guid":{"rendered":"http:\/\/wilhelm-busch-realschule.de\/?page_id=4140"},"modified":"2021-11-18T11:24:41","modified_gmt":"2021-11-18T10:24:41","slug":"kunst-2","status":"publish","type":"page","link":"https:\/\/www.wilhelm-busch-realschule.de\/?page_id=4140","title":{"rendered":"Kunst"},"content":{"rendered":"\n<div class=\"wp-block-media-text alignfull is-stacked-on-mobile\"><figure class=\"wp-block-media-text__media\"><img fetchpriority=\"high\" decoding=\"async\" width=\"1024\" height=\"657\" src=\"http:\/\/wilhelm-busch-realschule.de\/wp-content\/uploads\/2021\/10\/20210817_rs_1L0A0233-Fachschaft-Team-Kunst-1-Kopie-1024x657.jpg\" alt=\"\" class=\"wp-image-5454\" srcset=\"https:\/\/www.wilhelm-busch-realschule.de\/wp-content\/uploads\/2021\/10\/20210817_rs_1L0A0233-Fachschaft-Team-Kunst-1-Kopie-1024x657.jpg 1024w, https:\/\/www.wilhelm-busch-realschule.de\/wp-content\/uploads\/2021\/10\/20210817_rs_1L0A0233-Fachschaft-Team-Kunst-1-Kopie-300x192.jpg 300w, https:\/\/www.wilhelm-busch-realschule.de\/wp-content\/uploads\/2021\/10\/20210817_rs_1L0A0233-Fachschaft-Team-Kunst-1-Kopie-768x492.jpg 768w, https:\/\/www.wilhelm-busch-realschule.de\/wp-content\/uploads\/2021\/10\/20210817_rs_1L0A0233-Fachschaft-Team-Kunst-1-Kopie-1536x985.jpg 1536w, https:\/\/www.wilhelm-busch-realschule.de\/wp-content\/uploads\/2021\/10\/20210817_rs_1L0A0233-Fachschaft-Team-Kunst-1-Kopie-2048x1313.jpg 2048w\" sizes=\"(max-width: 1024px) 100vw, 1024px\" \/><\/figure><div class=\"wp-block-media-text__content\">\n<p class=\"has-large-font-size\"><\/p>\n<\/div><\/div>\n\n\n\n<p>(MA, GT, DC, RU)<\/p>\n\n\n\n<p>Kunst ist an der Wilhelm-Busch-Realschule ein Wahlpflichtfach, das vom 7. bis zum 10. Schuljahr unterrichtet wird.<\/p>\n\n\n\n<p>Sollte ihr Kind das Wahlpflichtfach Kunst w\u00e4hlen, wird dieses kreative Fach ab der Jahrgangsstufe 7 zu einem Hauptfach.<\/p>\n\n\n\n<p>H\u00e4ufig werden wir Lehrkr\u00e4fte des Fachbereichs Kunst sowohl von Sch\u00fclerinnen und Sch\u00fclern als auch von einigen Eltern gefragt, welchen Vorteil die Wahl dieses exotischen Wahlpflichtfaches denn mit sich br\u00e4chte.<\/p>\n\n\n\n<p>Gerade heute wird das Visuelle in unserer Kultur immer wichtiger. Die Sch\u00fclerinnen und Sch\u00fcler erwerben aber in der Schule kaum Kompetenzen reflektiert mit der Flut an Bildern umzugehen, die sie tagt\u00e4glich umgeben.<\/p>\n\n\n\n<p>Au\u00dferdem darf Umgang mit digitalen Medien nicht im Freizeitbereich verbleiben oder sich auf die technischen Aspekte im Fach Informatik beschr\u00e4nken. Die Gestaltung mit digitalen Medien hat seinen Platz im modernen Kunstunterricht.<\/p>\n\n\n\n<p>Aber nicht nur das Auge wird im Kunstunterricht angesprochen, sondern im Umgang mit den unterschiedlichsten Materialien wird deren sinnliche Qualit\u00e4t bewusst wahrgenommen und diese Auseinandersetzung mit Materialien und Dingen schult die Hand und den ganzen K\u00f6rper.<\/p>\n\n\n\n<p>W\u00e4hrend der 4 Schuljahre versucht der Fachbereich Kunst den Sch\u00fclerinnen und Sch\u00fclern unserer Schule die Gattungen Grafik, Malerei, Design, Plastik und Architektur anschaulich, vielseitig und experimentell praktisch erfahrbar zu machen.<\/p>\n\n\n\n<p>Nat\u00fcrlich nimmt auch die Kunstgeschichte einen zentralen Platz im Lehrplan dieses neuen Hauptfaches ein.<\/p>\n\n\n\n<p>Da es in der Stadt K\u00f6ln&nbsp; zahlreiche Museen gibt, die \u00fcber bedeutende Kunstwerke verf\u00fcgen, haben wir als K\u00f6lner Schule das Gl\u00fcck, in einigen Unterrichtsreihen, unseren Sch\u00fclerinnen in Sch\u00fclern die Kunstgeschichte am Original vermitteln zu k\u00f6nnen.<\/p>\n\n\n\n<p>Kreative und k\u00fcnstlerisch talentierte Sch\u00fclerinnen und Sch\u00fcler, die sich auch f\u00fcr das Fach Geschichte begeistern k\u00f6nnen, begr\u00fc\u00dfen wir gerne im Kunstkurs der Wilhelm-Busch-Realschule.<\/p>\n\n\n\n<p>Die Kunstfachschaft<\/p>\n","protected":false},"excerpt":{"rendered":"<p>(MA, GT, DC, RU) Kunst ist an der Wilhelm-Busch-Realschule ein Wahlpflichtfach, das vom 7. bis zum 10. Schuljahr unterrichtet wird. Sollte ihr Kind das Wahlpflichtfach Kunst w\u00e4hlen, wird dieses kreative [&hellip;]<\/p>\n","protected":false},"author":7,"featured_media":0,"parent":0,"menu_order":0,"comment_status":"closed","ping_status":"closed","template":"","meta":{"ngg_post_thumbnail":0,"ocean_post_layout":"","ocean_both_sidebars_style":"","ocean_both_sidebars_content_width":0,"ocean_both_sidebars_sidebars_width":0,"ocean_sidebar":"0","ocean_second_sidebar":"0","ocean_disable_margins":"enable","ocean_add_body_class":"","ocean_shortcode_before_top_bar":"","ocean_shortcode_after_top_bar":"","ocean_shortcode_before_header":"","ocean_shortcode_after_header":"","ocean_has_shortcode":"","ocean_shortcode_after_title":"","ocean_shortcode_before_footer_widgets":"","ocean_shortcode_after_footer_widgets":"","ocean_shortcode_before_footer_bottom":"","ocean_shortcode_after_footer_bottom":"","ocean_display_top_bar":"default","ocean_display_header":"default","ocean_header_style":"","ocean_center_header_left_menu":"0","ocean_custom_header_template":"0","ocean_custom_logo":0,"ocean_custom_retina_logo":0,"ocean_custom_logo_max_width":0,"ocean_custom_logo_tablet_max_width":0,"ocean_custom_logo_mobile_max_width":0,"ocean_custom_logo_max_height":0,"ocean_custom_logo_tablet_max_height":0,"ocean_custom_logo_mobile_max_height":0,"ocean_header_custom_menu":"0","ocean_menu_typo_font_family":"0","ocean_menu_typo_font_subset":"","ocean_menu_typo_font_size":0,"ocean_menu_typo_font_size_tablet":0,"ocean_menu_typo_font_size_mobile":0,"ocean_menu_typo_font_size_unit":"px","ocean_menu_typo_font_weight":"","ocean_menu_typo_font_weight_tablet":"","ocean_menu_typo_font_weight_mobile":"","ocean_menu_typo_transform":"","ocean_menu_typo_transform_tablet":"","ocean_menu_typo_transform_mobile":"","ocean_menu_typo_line_height":0,"ocean_menu_typo_line_height_tablet":0,"ocean_menu_typo_line_height_mobile":0,"ocean_menu_typo_line_height_unit":"","ocean_menu_typo_spacing":0,"ocean_menu_typo_spacing_tablet":0,"ocean_menu_typo_spacing_mobile":0,"ocean_menu_typo_spacing_unit":"","ocean_menu_link_color":"","ocean_menu_link_color_hover":"","ocean_menu_link_color_active":"","ocean_menu_link_background":"","ocean_menu_link_hover_background":"","ocean_menu_link_active_background":"","ocean_menu_social_links_bg":"","ocean_menu_social_hover_links_bg":"","ocean_menu_social_links_color":"","ocean_menu_social_hover_links_color":"","ocean_disable_title":"default","ocean_disable_heading":"default","ocean_post_title":"","ocean_post_subheading":"","ocean_post_title_style":"","ocean_post_title_background_color":"","ocean_post_title_background":0,"ocean_post_title_bg_image_position":"","ocean_post_title_bg_image_attachment":"","ocean_post_title_bg_image_repeat":"","ocean_post_title_bg_image_size":"","ocean_post_title_height":0,"ocean_post_title_bg_overlay":0.5,"ocean_post_title_bg_overlay_color":"","ocean_disable_breadcrumbs":"default","ocean_breadcrumbs_color":"","ocean_breadcrumbs_separator_color":"","ocean_breadcrumbs_links_color":"","ocean_breadcrumbs_links_hover_color":"","ocean_display_footer_widgets":"default","ocean_display_footer_bottom":"default","ocean_custom_footer_template":"0","footnotes":""},"class_list":["post-4140","page","type-page","status-publish","hentry","entry"],"_links":{"self":[{"href":"https:\/\/www.wilhelm-busch-realschule.de\/index.php?rest_route=\/wp\/v2\/pages\/4140","targetHints":{"allow":["GET"]}}],"collection":[{"href":"https:\/\/www.wilhelm-busch-realschule.de\/index.php?rest_route=\/wp\/v2\/pages"}],"about":[{"href":"https:\/\/www.wilhelm-busch-realschule.de\/index.php?rest_route=\/wp\/v2\/types\/page"}],"author":[{"embeddable":true,"href":"https:\/\/www.wilhelm-busch-realschule.de\/index.php?rest_route=\/wp\/v2\/users\/7"}],"replies":[{"embeddable":true,"href":"https:\/\/www.wilhelm-busch-realschule.de\/index.php?rest_route=%2Fwp%2Fv2%2Fcomments&post=4140"}],"version-history":[{"count":6,"href":"https:\/\/www.wilhelm-busch-realschule.de\/index.php?rest_route=\/wp\/v2\/pages\/4140\/revisions"}],"predecessor-version":[{"id":5708,"href":"https:\/\/www.wilhelm-busch-realschule.de\/index.php?rest_route=\/wp\/v2\/pages\/4140\/revisions\/5708"}],"wp:attachment":[{"href":"https:\/\/www.wilhelm-busch-realschule.de\/index.php?rest_route=%2Fwp%2Fv2%2Fmedia&parent=4140"}],"curies":[{"name":"wp","href":"https:\/\/api.w.org\/{rel}","templated":true}]}}