{"id":385,"date":"2015-09-06T17:31:02","date_gmt":"2015-09-06T15:31:02","guid":{"rendered":"http:\/\/wilhelm-busch-realschule.de\/?page_id=385"},"modified":"2025-05-14T12:13:46","modified_gmt":"2025-05-14T10:13:46","slug":"speiseplan","status":"publish","type":"page","link":"https:\/\/www.wilhelm-busch-realschule.de\/?page_id=385","title":{"rendered":"Speiseplan"},"content":{"rendered":"<p>Es kann t\u00e4glich aus drei verschiedenen Men\u00fcs ausgew\u00e4hlt werden.<\/p>\n\n<p>In jedem Gericht ist ein Dessert (frei ausw\u00e4hlbar) sowie ein kostenfreies Getr\u00e4nk (Wasser) enthalten.<\/p>\n<p>Gem\u00fcse und S\u00e4ttigungsbeilagen k\u00f6nnen nachgenommen werden.<\/p>\n\n\n<p>Angebote von <strong>kleinen Snacks<\/strong> zu kleinen Preisen (z. B. belegte Br\u00f6tchen oder Hot-Dogs) sind alternativ in der <strong>Mensa<\/strong> erh\u00e4ltlich. Die Snacks k\u00f6nnen <strong>mit Bargeld<\/strong> bezahlt werden (keine Wertmarken notwendig).<\/p>\n\n\n\n<p><\/p>\n\n\n<h4><strong>Der jeweils aktuelle Speiseplan kann \u00fcber die MOHRr\u00fcbchen-Homepage (unter Mensa Schulzentrum Porz-Z\u00fcndorf) eingesehen werden: <\/strong><\/h4>\n<p style=\"text-align: center;\"><a href=\"https:\/\/www.mohrruebchen.de\/schule-und-kita.html\">https:\/\/www.mohrruebchen.de\/schule-und-kita.html<\/a><\/p>\n<p><a href=\"https:\/\/www.wilhelm-busch-realschule.de\/wp-content\/uploads\/2025\/05\/IMG_0369.jpeg\"><img decoding=\"async\" class=\"size-medium wp-image-6995 aligncenter\" src=\"https:\/\/www.wilhelm-busch-realschule.de\/wp-content\/uploads\/2025\/05\/IMG_0369-300x62.jpeg\" alt=\"\" width=\"300\" height=\"62\" srcset=\"https:\/\/www.wilhelm-busch-realschule.de\/wp-content\/uploads\/2025\/05\/IMG_0369-300x62.jpeg 300w, https:\/\/www.wilhelm-busch-realschule.de\/wp-content\/uploads\/2025\/05\/IMG_0369-1024x212.jpeg 1024w, https:\/\/www.wilhelm-busch-realschule.de\/wp-content\/uploads\/2025\/05\/IMG_0369-768x159.jpeg 768w, https:\/\/www.wilhelm-busch-realschule.de\/wp-content\/uploads\/2025\/05\/IMG_0369-1536x319.jpeg 1536w, https:\/\/www.wilhelm-busch-realschule.de\/wp-content\/uploads\/2025\/05\/IMG_0369.jpeg 1808w\" sizes=\"(max-width: 300px) 100vw, 300px\" \/><\/a><\/p>\n<p style=\"text-align: center;\">F\u00fcr weitere Informationen siehe <a href=\"http:\/\/wilhelm-busch-realschule.de\/?page_id=201\">Infomappe_MOHRr\u00fcbchen .<\/a><\/p>\n<p>\u00a0<\/p>\n<p>\u00a0<\/p>\n<p>\u00a0<\/p>\n\n\n<p><\/p>\n","protected":false},"excerpt":{"rendered":"<p>Es kann t\u00e4glich aus drei verschiedenen Men\u00fcs ausgew\u00e4hlt werden. In jedem Gericht ist ein Dessert (frei ausw\u00e4hlbar) sowie ein kostenfreies Getr\u00e4nk (Wasser) enthalten. Gem\u00fcse und S\u00e4ttigungsbeilagen k\u00f6nnen nachgenommen werden. Angebote [&hellip;]<\/p>\n","protected":false},"author":2,"featured_media":0,"parent":0,"menu_order":0,"comment_status":"closed","ping_status":"closed","template":"","meta":{"ngg_post_thumbnail":0,"ocean_post_layout":"","ocean_both_sidebars_style":"","ocean_both_sidebars_content_width":0,"ocean_both_sidebars_sidebars_width":0,"ocean_sidebar":"0","ocean_second_sidebar":"0","ocean_disable_margins":"enable","ocean_add_body_class":"","ocean_shortcode_before_top_bar":"","ocean_shortcode_after_top_bar":"","ocean_shortcode_before_header":"","ocean_shortcode_after_header":"","ocean_has_shortcode":"","ocean_shortcode_after_title":"","ocean_shortcode_before_footer_widgets":"","ocean_shortcode_after_footer_widgets":"","ocean_shortcode_before_footer_bottom":"","ocean_shortcode_after_footer_bottom":"","ocean_display_top_bar":"default","ocean_display_header":"default","ocean_header_style":"","ocean_center_header_left_menu":"0","ocean_custom_header_template":"0","ocean_custom_logo":0,"ocean_custom_retina_logo":0,"ocean_custom_logo_max_width":0,"ocean_custom_logo_tablet_max_width":0,"ocean_custom_logo_mobile_max_width":0,"ocean_custom_logo_max_height":0,"ocean_custom_logo_tablet_max_height":0,"ocean_custom_logo_mobile_max_height":0,"ocean_header_custom_menu":"0","ocean_menu_typo_font_family":"0","ocean_menu_typo_font_subset":"","ocean_menu_typo_font_size":0,"ocean_menu_typo_font_size_tablet":0,"ocean_menu_typo_font_size_mobile":0,"ocean_menu_typo_font_size_unit":"px","ocean_menu_typo_font_weight":"","ocean_menu_typo_font_weight_tablet":"","ocean_menu_typo_font_weight_mobile":"","ocean_menu_typo_transform":"","ocean_menu_typo_transform_tablet":"","ocean_menu_typo_transform_mobile":"","ocean_menu_typo_line_height":0,"ocean_menu_typo_line_height_tablet":0,"ocean_menu_typo_line_height_mobile":0,"ocean_menu_typo_line_height_unit":"","ocean_menu_typo_spacing":0,"ocean_menu_typo_spacing_tablet":0,"ocean_menu_typo_spacing_mobile":0,"ocean_menu_typo_spacing_unit":"","ocean_menu_link_color":"","ocean_menu_link_color_hover":"","ocean_menu_link_color_active":"","ocean_menu_link_background":"","ocean_menu_link_hover_background":"","ocean_menu_link_active_background":"","ocean_menu_social_links_bg":"","ocean_menu_social_hover_links_bg":"","ocean_menu_social_links_color":"","ocean_menu_social_hover_links_color":"","ocean_disable_title":"default","ocean_disable_heading":"default","ocean_post_title":"","ocean_post_subheading":"","ocean_post_title_style":"","ocean_post_title_background_color":"","ocean_post_title_background":0,"ocean_post_title_bg_image_position":"","ocean_post_title_bg_image_attachment":"","ocean_post_title_bg_image_repeat":"","ocean_post_title_bg_image_size":"","ocean_post_title_height":0,"ocean_post_title_bg_overlay":0.5,"ocean_post_title_bg_overlay_color":"","ocean_disable_breadcrumbs":"default","ocean_breadcrumbs_color":"","ocean_breadcrumbs_separator_color":"","ocean_breadcrumbs_links_color":"","ocean_breadcrumbs_links_hover_color":"","ocean_display_footer_widgets":"default","ocean_display_footer_bottom":"default","ocean_custom_footer_template":"0","footnotes":""},"class_list":["post-385","page","type-page","status-publish","hentry","entry"],"_links":{"self":[{"href":"https:\/\/www.wilhelm-busch-realschule.de\/index.php?rest_route=\/wp\/v2\/pages\/385","targetHints":{"allow":["GET"]}}],"collection":[{"href":"https:\/\/www.wilhelm-busch-realschule.de\/index.php?rest_route=\/wp\/v2\/pages"}],"about":[{"href":"https:\/\/www.wilhelm-busch-realschule.de\/index.php?rest_route=\/wp\/v2\/types\/page"}],"author":[{"embeddable":true,"href":"https:\/\/www.wilhelm-busch-realschule.de\/index.php?rest_route=\/wp\/v2\/users\/2"}],"replies":[{"embeddable":true,"href":"https:\/\/www.wilhelm-busch-realschule.de\/index.php?rest_route=%2Fwp%2Fv2%2Fcomments&post=385"}],"version-history":[{"count":37,"href":"https:\/\/www.wilhelm-busch-realschule.de\/index.php?rest_route=\/wp\/v2\/pages\/385\/revisions"}],"predecessor-version":[{"id":6996,"href":"https:\/\/www.wilhelm-busch-realschule.de\/index.php?rest_route=\/wp\/v2\/pages\/385\/revisions\/6996"}],"wp:attachment":[{"href":"https:\/\/www.wilhelm-busch-realschule.de\/index.php?rest_route=%2Fwp%2Fv2%2Fmedia&parent=385"}],"curies":[{"name":"wp","href":"https:\/\/api.w.org\/{rel}","templated":true}]}}