{"id":346,"date":"2015-09-06T15:53:47","date_gmt":"2015-09-06T13:53:47","guid":{"rendered":"http:\/\/wilhelm-busch-realschule.de\/?page_id=346"},"modified":"2024-02-09T15:57:40","modified_gmt":"2024-02-09T14:57:40","slug":"vorbereitungsklassen","status":"publish","type":"page","link":"https:\/\/www.wilhelm-busch-realschule.de\/?page_id=346","title":{"rendered":"Vorbereitungsklasse"},"content":{"rendered":"<p>\u00a0<\/p>\n<p>Wir hei\u00dfen neu zugewanderte Sch\u00fclerInnen herzlich willkommen und betrachten sie ganzheitlich.\u00a0Aktuell unterrichten wir 46 Sch\u00fclerinnen und Sch\u00fcler mit Vorbereitungsbedarf in zwei Klassen.\u00a0<\/p>\n<p style=\"text-align: justify;\">Der Unterricht innerhalb der VK wird dort von einem kleinen Lehrerteam aus drei Deutsch-Fachlehrerinnen durchgef\u00fchrt. Der klare Unterrichtsschwerpunkt liegt auf dem <strong>Erlernen der deutschen Sprache<\/strong>. Hierzu treffen sich die VK-Sch\u00fclerinnen und Sch\u00fcler auch regelm\u00e4\u00dfig mit einer der Lehrkr\u00e4fte in der Bibliothek um gemeinsam zu lesen.<\/p>\n<p style=\"text-align: justify;\">Die VK-Sch\u00fclerschaft setzt sich aus Kindern und Jugendlichen aus verschiedenen Herkunftsl\u00e4ndern, mit unterschiedlicher Muttersprache und unterschiedlichen Kenntnissen in der deutschen Sprache zusammen.<\/p>\n<p style=\"text-align: justify;\">Unsere derzeitige Vorbereitungsklasse besteht aus einer internationalen Sch\u00fclerschaft mit einer\u00a0<strong>Altersstruktur<\/strong>\u00a0zwischen 10 und 17 Jahren. und stellt insofern eine Besonderheit dar, als dass diese Sch\u00fclerinnen und Sch\u00fcler hier gemeinsam in einer Klasse unterrichtet werden.<br \/>Um aber auch den Kontakt zu gleichaltrigen, Deutsch sprechenden Mitsch\u00fclerinnen und Mitsch\u00fclern zu f\u00f6rdern sowie den schrittweisen \u00dcbergang in die Regelklassen zu erm\u00f6glichen, geh\u00f6ren alle VK-Sch\u00fclerinnen und Sch\u00fcler zus\u00e4tzlich auch einer altersgerechten <strong>Regelklasse<\/strong> an. Die VK-Sch\u00fclerinnen und Sch\u00fcler nehmen am Unterricht ihrer Regelklasse je nach Sprachniveau mindestens in den F\u00e4chern Kunst-, Musik- und Sportunterricht teil, da sie hier vieles bereits durch Nachahmung mitmachen k\u00f6nnen ohne die Unterrichtssprache zu verstehen.<\/p>\n<p style=\"text-align: justify;\">\u00a0<\/p>\n\n\n<figure class=\"wp-block-image size-large is-resized\"><img fetchpriority=\"high\" decoding=\"async\" src=\"https:\/\/www.wilhelm-busch-realschule.de\/wp-content\/uploads\/2024\/02\/Foto-VK-Klasse-1-1024x768.png\" alt=\"\" class=\"wp-image-6717\" width=\"845\" height=\"634\" srcset=\"https:\/\/www.wilhelm-busch-realschule.de\/wp-content\/uploads\/2024\/02\/Foto-VK-Klasse-1-1024x768.png 1024w, https:\/\/www.wilhelm-busch-realschule.de\/wp-content\/uploads\/2024\/02\/Foto-VK-Klasse-1-300x225.png 300w, https:\/\/www.wilhelm-busch-realschule.de\/wp-content\/uploads\/2024\/02\/Foto-VK-Klasse-1-768x576.png 768w, https:\/\/www.wilhelm-busch-realschule.de\/wp-content\/uploads\/2024\/02\/Foto-VK-Klasse-1-1536x1152.png 1536w, https:\/\/www.wilhelm-busch-realschule.de\/wp-content\/uploads\/2024\/02\/Foto-VK-Klasse-1-2048x1536.png 2048w\" sizes=\"(max-width: 845px) 100vw, 845px\" \/><\/figure>\n","protected":false},"excerpt":{"rendered":"<p>\u00a0 Wir hei\u00dfen neu zugewanderte Sch\u00fclerInnen herzlich willkommen und betrachten sie ganzheitlich.\u00a0Aktuell unterrichten wir 46 Sch\u00fclerinnen und Sch\u00fcler mit Vorbereitungsbedarf in zwei Klassen.\u00a0 Der Unterricht innerhalb der VK wird dort [&hellip;]<\/p>\n","protected":false},"author":2,"featured_media":0,"parent":0,"menu_order":0,"comment_status":"closed","ping_status":"closed","template":"","meta":{"ngg_post_thumbnail":0,"ocean_post_layout":"","ocean_both_sidebars_style":"","ocean_both_sidebars_content_width":0,"ocean_both_sidebars_sidebars_width":0,"ocean_sidebar":"0","ocean_second_sidebar":"0","ocean_disable_margins":"enable","ocean_add_body_class":"","ocean_shortcode_before_top_bar":"","ocean_shortcode_after_top_bar":"","ocean_shortcode_before_header":"","ocean_shortcode_after_header":"","ocean_has_shortcode":"","ocean_shortcode_after_title":"","ocean_shortcode_before_footer_widgets":"","ocean_shortcode_after_footer_widgets":"","ocean_shortcode_before_footer_bottom":"","ocean_shortcode_after_footer_bottom":"","ocean_display_top_bar":"default","ocean_display_header":"default","ocean_header_style":"","ocean_center_header_left_menu":"0","ocean_custom_header_template":"0","ocean_custom_logo":0,"ocean_custom_retina_logo":0,"ocean_custom_logo_max_width":0,"ocean_custom_logo_tablet_max_width":0,"ocean_custom_logo_mobile_max_width":0,"ocean_custom_logo_max_height":0,"ocean_custom_logo_tablet_max_height":0,"ocean_custom_logo_mobile_max_height":0,"ocean_header_custom_menu":"0","ocean_menu_typo_font_family":"0","ocean_menu_typo_font_subset":"","ocean_menu_typo_font_size":0,"ocean_menu_typo_font_size_tablet":0,"ocean_menu_typo_font_size_mobile":0,"ocean_menu_typo_font_size_unit":"px","ocean_menu_typo_font_weight":"","ocean_menu_typo_font_weight_tablet":"","ocean_menu_typo_font_weight_mobile":"","ocean_menu_typo_transform":"","ocean_menu_typo_transform_tablet":"","ocean_menu_typo_transform_mobile":"","ocean_menu_typo_line_height":0,"ocean_menu_typo_line_height_tablet":0,"ocean_menu_typo_line_height_mobile":0,"ocean_menu_typo_line_height_unit":"","ocean_menu_typo_spacing":0,"ocean_menu_typo_spacing_tablet":0,"ocean_menu_typo_spacing_mobile":0,"ocean_menu_typo_spacing_unit":"","ocean_menu_link_color":"","ocean_menu_link_color_hover":"","ocean_menu_link_color_active":"","ocean_menu_link_background":"","ocean_menu_link_hover_background":"","ocean_menu_link_active_background":"","ocean_menu_social_links_bg":"","ocean_menu_social_hover_links_bg":"","ocean_menu_social_links_color":"","ocean_menu_social_hover_links_color":"","ocean_disable_title":"default","ocean_disable_heading":"default","ocean_post_title":"","ocean_post_subheading":"","ocean_post_title_style":"","ocean_post_title_background_color":"","ocean_post_title_background":0,"ocean_post_title_bg_image_position":"","ocean_post_title_bg_image_attachment":"","ocean_post_title_bg_image_repeat":"","ocean_post_title_bg_image_size":"","ocean_post_title_height":0,"ocean_post_title_bg_overlay":0.5,"ocean_post_title_bg_overlay_color":"","ocean_disable_breadcrumbs":"default","ocean_breadcrumbs_color":"","ocean_breadcrumbs_separator_color":"","ocean_breadcrumbs_links_color":"","ocean_breadcrumbs_links_hover_color":"","ocean_display_footer_widgets":"default","ocean_display_footer_bottom":"default","ocean_custom_footer_template":"0","footnotes":""},"class_list":["post-346","page","type-page","status-publish","hentry","entry"],"_links":{"self":[{"href":"https:\/\/www.wilhelm-busch-realschule.de\/index.php?rest_route=\/wp\/v2\/pages\/346","targetHints":{"allow":["GET"]}}],"collection":[{"href":"https:\/\/www.wilhelm-busch-realschule.de\/index.php?rest_route=\/wp\/v2\/pages"}],"about":[{"href":"https:\/\/www.wilhelm-busch-realschule.de\/index.php?rest_route=\/wp\/v2\/types\/page"}],"author":[{"embeddable":true,"href":"https:\/\/www.wilhelm-busch-realschule.de\/index.php?rest_route=\/wp\/v2\/users\/2"}],"replies":[{"embeddable":true,"href":"https:\/\/www.wilhelm-busch-realschule.de\/index.php?rest_route=%2Fwp%2Fv2%2Fcomments&post=346"}],"version-history":[{"count":23,"href":"https:\/\/www.wilhelm-busch-realschule.de\/index.php?rest_route=\/wp\/v2\/pages\/346\/revisions"}],"predecessor-version":[{"id":6721,"href":"https:\/\/www.wilhelm-busch-realschule.de\/index.php?rest_route=\/wp\/v2\/pages\/346\/revisions\/6721"}],"wp:attachment":[{"href":"https:\/\/www.wilhelm-busch-realschule.de\/index.php?rest_route=%2Fwp%2Fv2%2Fmedia&parent=346"}],"curies":[{"name":"wp","href":"https:\/\/api.w.org\/{rel}","templated":true}]}}