{"id":3357,"date":"2020-06-28T19:04:58","date_gmt":"2020-06-28T17:04:58","guid":{"rendered":"http:\/\/wilhelm-busch-realschule.de\/?page_id=3357"},"modified":"2021-10-26T07:22:25","modified_gmt":"2021-10-26T05:22:25","slug":"sport","status":"publish","type":"page","link":"https:\/\/www.wilhelm-busch-realschule.de\/?page_id=3357","title":{"rendered":"Sport"},"content":{"rendered":"\n<div class=\"wp-block-media-text alignfull is-stacked-on-mobile\"><figure class=\"wp-block-media-text__media\"><img fetchpriority=\"high\" decoding=\"async\" width=\"1024\" height=\"622\" src=\"http:\/\/wilhelm-busch-realschule.de\/wp-content\/uploads\/2021\/10\/20210817_rs_1L0A0119-Fachschaft-Sport-Kopie-1024x622.jpg\" alt=\"\" class=\"wp-image-5473\" srcset=\"https:\/\/www.wilhelm-busch-realschule.de\/wp-content\/uploads\/2021\/10\/20210817_rs_1L0A0119-Fachschaft-Sport-Kopie-1024x622.jpg 1024w, https:\/\/www.wilhelm-busch-realschule.de\/wp-content\/uploads\/2021\/10\/20210817_rs_1L0A0119-Fachschaft-Sport-Kopie-300x182.jpg 300w, https:\/\/www.wilhelm-busch-realschule.de\/wp-content\/uploads\/2021\/10\/20210817_rs_1L0A0119-Fachschaft-Sport-Kopie-768x466.jpg 768w, https:\/\/www.wilhelm-busch-realschule.de\/wp-content\/uploads\/2021\/10\/20210817_rs_1L0A0119-Fachschaft-Sport-Kopie-1536x933.jpg 1536w, https:\/\/www.wilhelm-busch-realschule.de\/wp-content\/uploads\/2021\/10\/20210817_rs_1L0A0119-Fachschaft-Sport-Kopie-2048x1244.jpg 2048w\" sizes=\"(max-width: 1024px) 100vw, 1024px\" \/><\/figure><div class=\"wp-block-media-text__content\">\n<p class=\"has-large-font-size\"><\/p>\n<\/div><\/div>\n\n\n\n<p>(WI, MW, RU, SO)<\/p>\n\n\n\n<p>Herzlich willkommen!<\/p>\n\n\n\n<p>Sport ist ein aktives Schulfach mit K\u00f6pfchen. Sport begeistert sowohl in der Schule als auch drau\u00dfen in der Welt. Sport ist gesund, h\u00e4lt fit und macht gute Laune! Kurzum, Sport ist wichtig f\u00fcr K\u00f6rper und Geist! So ist Sport an der Wilhelm-Busch-Realschule (WBRS) ein in jeder Jahrgangsstufe unterrichtetes Pflichtfach.&nbsp;<\/p>\n\n\n\n<p>Zur Durchf\u00fchrung unseres Sportunterrichts stehen uns zum einen eine Sporthalle mit vielerlei Sportger\u00e4ten und einer gro\u00dfz\u00fcgigen Ausstattung an Materialien unterschiedlicher Sportarten zu. Zum anderen verf\u00fcgen wir \u00fcber den Zugang zu einer Au\u00dfensportanlage mit zwei Kunstrasenfeldern, zwei Basketballfeldern, einem Handballfeld, einer Laufbahn, zwei Weitsprunganlagen, drei Kugelsto\u00dfanlagen und einer Hochsprunganlage, welche wir gemeinsam mit dem Lessinggymnasium und der Johann-Amos-Comenius Schule unseres Schulzentrums nutzen.&nbsp;<\/p>\n\n\n\n<p>Sport ist ein Fach, das die Bewegungs-, Wahrnehmungs-, Methoden- und Urteilskompetenz schult und differenzierte Aufgabentypen bietet. Das beinhaltet, dass im Rahmen der Inklusion ebenso auf die Bed\u00fcrfnisse der Inklusionssch\u00fclerinnen und -sch\u00fcler eingegangen wird. Wir besch\u00e4ftigen uns im Sportunterricht mit dem Erlernen und Vertiefen unterschiedlicher Sportarten. Hierzu geh\u00f6ren sowohl bekannte Ballsportarten wie Fu\u00dfball, Basketball und Handball als auch R\u00fcckschlagspiele wie Volleyball, Badminton, Tischtennis und Tambourelli. Dar\u00fcberhinaus behandeln wir die Sportarten Leichtathletik, Turnen, Hockey\/Floorball, Gymnastik\/Tanz, Akrobatik, Ringen sowie Schwimmen. Auch sind Gleit- und Rollsportarten Bestandteil unseres Unterrichts. So veranstalten wir in der Jahrgangsstufe 10 seit mehreren Jahren einen Ausflug zur Wasserskianlage nach Langenfeld. Unsere Sch\u00fclerinnen und Sch\u00fcler haben im laufenden Sportunterricht die M\u00f6glichkeit, sowohl das Sportabzeichen als auch das Laufabzeichen zu erwerben.<\/p>\n\n\n\n<p>Der Schwimmunterricht findet bei uns in den Jahrgangsstufen 5 und 6 statt. Hierzu steht uns das Z\u00fcndorfbad zur Verf\u00fcgung. Dabei werden unsere Sch\u00fclerinnen und Sch\u00fcler mit einem gesonderten Bus zum Schwimmbad und wieder zur\u00fcck zur Schule gebracht. Innerhalb&nbsp; des Schwimmunterrichts k\u00f6nnen die Sch\u00fclerinnen und Sch\u00fcler ein Schwimmabzeichen erlangen.<\/p>\n\n\n\n<p>Sport spielt an unserer Schule nicht nur innerhalb, sondern auch au\u00dferhalb des regul\u00e4ren Sportunterrichts eine wichtige Rolle. Daher bieten wir im AG-Bereich f\u00fcr die Klassen der 5. Jahrgangsstufe Schwimm- und Sport-AGs an und veranstalten j\u00e4hrlich Jahrgangsstufen-Turniere in verschiedenen Sportarten:<\/p>\n\n\n\n<p><em>Jahrgang 5: V\u00f6lkerball<\/em><\/p>\n\n\n\n<p><em>Jahrgang 6: Handball<\/em><\/p>\n\n\n\n<p><em>Jahrgang 7: Fu\u00dfball<\/em><\/p>\n\n\n\n<p><em>Jahrgang 8: Basketball<\/em><\/p>\n\n\n\n<p><em>Jahrgang 9: Volleyball<\/em><\/p>\n\n\n\n<p><em>Jahrgang 10: Sportarten nach Wahl.<\/em><\/p>\n\n\n\n<p>Zudem richten wir jedes Jahr in der letzten Woche vor den Sommerferien unser Sportfest auf der Au\u00dfensportanlage aus und nehmen j\u00e4hrlich am k\u00f6lnweiten Tambourelli-Schulcup teil, den wir in den letzten beiden Jahren gewinnen konnten. Die rechtsrheinische Vorrunde des Tambourelli-Schulcups wird dabei von unserer Schule veranstaltet und findet in unserer Sporthalle statt.<\/p>\n\n\n\n<p>Zum Bereich Sport an unserer Schule geh\u00f6rt auch, dass wir Sporthelfer ausbilden. Nach einer l\u00e4ngeren Pause wird in K\u00fcrze die laufende Ausbildung von 6 angehenden Sporthelfern aus 2 Klassen der Jahrgangsstufe 9 abgeschlossen sein! Weitere Sporthelfer werden wir in Zukunft im Rahmen des AG-Programms in der 8. Jahrgangsstufe ausbilden.<\/p>\n\n\n\n<p>Wir freuen uns darauf dich\/euch bald an der Wilhelm Busch Realschule im Sportunterricht begr\u00fc\u00dfen zu d\u00fcrfen.<\/p>\n\n\n\n<p>Mit sportlichen Gr\u00fc\u00dfen!<\/p>\n\n\n\n<p><em>Die Sportfachschaft der Wilhelm Busch Realschule &nbsp; &nbsp;<\/em><\/p>\n","protected":false},"excerpt":{"rendered":"<p>(WI, MW, RU, SO) Herzlich willkommen! Sport ist ein aktives Schulfach mit K\u00f6pfchen. Sport begeistert sowohl in der Schule als auch drau\u00dfen in der Welt. Sport ist gesund, h\u00e4lt fit [&hellip;]<\/p>\n","protected":false},"author":7,"featured_media":0,"parent":0,"menu_order":0,"comment_status":"closed","ping_status":"closed","template":"","meta":{"ngg_post_thumbnail":0,"ocean_post_layout":"","ocean_both_sidebars_style":"","ocean_both_sidebars_content_width":0,"ocean_both_sidebars_sidebars_width":0,"ocean_sidebar":"0","ocean_second_sidebar":"0","ocean_disable_margins":"enable","ocean_add_body_class":"","ocean_shortcode_before_top_bar":"","ocean_shortcode_after_top_bar":"","ocean_shortcode_before_header":"","ocean_shortcode_after_header":"","ocean_has_shortcode":"","ocean_shortcode_after_title":"","ocean_shortcode_before_footer_widgets":"","ocean_shortcode_after_footer_widgets":"","ocean_shortcode_before_footer_bottom":"","ocean_shortcode_after_footer_bottom":"","ocean_display_top_bar":"default","ocean_display_header":"default","ocean_header_style":"","ocean_center_header_left_menu":"0","ocean_custom_header_template":"0","ocean_custom_logo":0,"ocean_custom_retina_logo":0,"ocean_custom_logo_max_width":0,"ocean_custom_logo_tablet_max_width":0,"ocean_custom_logo_mobile_max_width":0,"ocean_custom_logo_max_height":0,"ocean_custom_logo_tablet_max_height":0,"ocean_custom_logo_mobile_max_height":0,"ocean_header_custom_menu":"0","ocean_menu_typo_font_family":"0","ocean_menu_typo_font_subset":"","ocean_menu_typo_font_size":0,"ocean_menu_typo_font_size_tablet":0,"ocean_menu_typo_font_size_mobile":0,"ocean_menu_typo_font_size_unit":"px","ocean_menu_typo_font_weight":"","ocean_menu_typo_font_weight_tablet":"","ocean_menu_typo_font_weight_mobile":"","ocean_menu_typo_transform":"","ocean_menu_typo_transform_tablet":"","ocean_menu_typo_transform_mobile":"","ocean_menu_typo_line_height":0,"ocean_menu_typo_line_height_tablet":0,"ocean_menu_typo_line_height_mobile":0,"ocean_menu_typo_line_height_unit":"","ocean_menu_typo_spacing":0,"ocean_menu_typo_spacing_tablet":0,"ocean_menu_typo_spacing_mobile":0,"ocean_menu_typo_spacing_unit":"","ocean_menu_link_color":"","ocean_menu_link_color_hover":"","ocean_menu_link_color_active":"","ocean_menu_link_background":"","ocean_menu_link_hover_background":"","ocean_menu_link_active_background":"","ocean_menu_social_links_bg":"","ocean_menu_social_hover_links_bg":"","ocean_menu_social_links_color":"","ocean_menu_social_hover_links_color":"","ocean_disable_title":"default","ocean_disable_heading":"default","ocean_post_title":"","ocean_post_subheading":"","ocean_post_title_style":"","ocean_post_title_background_color":"","ocean_post_title_background":0,"ocean_post_title_bg_image_position":"","ocean_post_title_bg_image_attachment":"","ocean_post_title_bg_image_repeat":"","ocean_post_title_bg_image_size":"","ocean_post_title_height":0,"ocean_post_title_bg_overlay":0.5,"ocean_post_title_bg_overlay_color":"","ocean_disable_breadcrumbs":"default","ocean_breadcrumbs_color":"","ocean_breadcrumbs_separator_color":"","ocean_breadcrumbs_links_color":"","ocean_breadcrumbs_links_hover_color":"","ocean_display_footer_widgets":"default","ocean_display_footer_bottom":"default","ocean_custom_footer_template":"0","footnotes":""},"class_list":["post-3357","page","type-page","status-publish","hentry","entry"],"_links":{"self":[{"href":"https:\/\/www.wilhelm-busch-realschule.de\/index.php?rest_route=\/wp\/v2\/pages\/3357","targetHints":{"allow":["GET"]}}],"collection":[{"href":"https:\/\/www.wilhelm-busch-realschule.de\/index.php?rest_route=\/wp\/v2\/pages"}],"about":[{"href":"https:\/\/www.wilhelm-busch-realschule.de\/index.php?rest_route=\/wp\/v2\/types\/page"}],"author":[{"embeddable":true,"href":"https:\/\/www.wilhelm-busch-realschule.de\/index.php?rest_route=\/wp\/v2\/users\/7"}],"replies":[{"embeddable":true,"href":"https:\/\/www.wilhelm-busch-realschule.de\/index.php?rest_route=%2Fwp%2Fv2%2Fcomments&post=3357"}],"version-history":[{"count":5,"href":"https:\/\/www.wilhelm-busch-realschule.de\/index.php?rest_route=\/wp\/v2\/pages\/3357\/revisions"}],"predecessor-version":[{"id":5474,"href":"https:\/\/www.wilhelm-busch-realschule.de\/index.php?rest_route=\/wp\/v2\/pages\/3357\/revisions\/5474"}],"wp:attachment":[{"href":"https:\/\/www.wilhelm-busch-realschule.de\/index.php?rest_route=%2Fwp%2Fv2%2Fmedia&parent=3357"}],"curies":[{"name":"wp","href":"https:\/\/api.w.org\/{rel}","templated":true}]}}