{"id":3353,"date":"2020-06-28T19:03:56","date_gmt":"2020-06-28T17:03:56","guid":{"rendered":"http:\/\/wilhelm-busch-realschule.de\/?page_id=3353"},"modified":"2021-10-26T07:16:38","modified_gmt":"2021-10-26T05:16:38","slug":"franzoesisch","status":"publish","type":"page","link":"https:\/\/www.wilhelm-busch-realschule.de\/?page_id=3353","title":{"rendered":"Franz\u00f6sisch"},"content":{"rendered":"\n<div class=\"wp-block-media-text alignfull is-stacked-on-mobile\"><figure class=\"wp-block-media-text__media\"><img fetchpriority=\"high\" decoding=\"async\" width=\"1024\" height=\"575\" src=\"http:\/\/wilhelm-busch-realschule.de\/wp-content\/uploads\/2021\/10\/20210817_rs_1L0A0186-Fachschaft-Franzo\u0308sisch-2-Favorit-Kopie-1024x575.jpg\" alt=\"\" class=\"wp-image-5468\" srcset=\"https:\/\/www.wilhelm-busch-realschule.de\/wp-content\/uploads\/2021\/10\/20210817_rs_1L0A0186-Fachschaft-Franzo\u0308sisch-2-Favorit-Kopie-1024x575.jpg 1024w, https:\/\/www.wilhelm-busch-realschule.de\/wp-content\/uploads\/2021\/10\/20210817_rs_1L0A0186-Fachschaft-Franzo\u0308sisch-2-Favorit-Kopie-300x169.jpg 300w, https:\/\/www.wilhelm-busch-realschule.de\/wp-content\/uploads\/2021\/10\/20210817_rs_1L0A0186-Fachschaft-Franzo\u0308sisch-2-Favorit-Kopie-768x432.jpg 768w, https:\/\/www.wilhelm-busch-realschule.de\/wp-content\/uploads\/2021\/10\/20210817_rs_1L0A0186-Fachschaft-Franzo\u0308sisch-2-Favorit-Kopie-1536x863.jpg 1536w, https:\/\/www.wilhelm-busch-realschule.de\/wp-content\/uploads\/2021\/10\/20210817_rs_1L0A0186-Fachschaft-Franzo\u0308sisch-2-Favorit-Kopie-2048x1151.jpg 2048w\" sizes=\"(max-width: 1024px) 100vw, 1024px\" \/><\/figure><div class=\"wp-block-media-text__content\">\n<p class=\"has-large-font-size\"><\/p>\n<\/div><\/div>\n\n\n\n<p>(ZN, EH, ZI, RN)<\/p>\n\n\n\n<p><em>Bonjour et bienvenue !<\/em><\/p>\n\n\n\n<p>Franz\u00f6sisch ist, wie Italienisch, Spanisch oder Portugiesisch, eine romanische Sprache. Sie wird in Europa in unseren Nachbarl\u00e4ndern Frankreich, Belgien, Luxemburg und der Schweiz gesprochen, wobei Belgien direkt an Nordrhein-Westfalen grenzt. Au\u00dferdem ist Franz\u00f6sisch in vielen internationalen Organisationen, wie beispielsweise der Europ\u00e4ischen Union, eine wichtige Arbeitssprache.<\/p>\n\n\n\n<p>Franz\u00f6sisch ist an der Wilhelm-Busch-Realschule (WBRS) ein Wahlpflichtfach, das vom 7. bis zum 10. Schuljahr unterrichtet wird. Dies bedeutet, dass die Sch\u00fclerinnen und Sch\u00fcler am Ende der 6. Klasse ein neues Fach, zum Beispiel Franz\u00f6sisch, w\u00e4hlen k\u00f6nnen. Wie Mathematik, Deutsch und Englisch ist Franz\u00f6sisch ein Hauptfach.&nbsp;<\/p>\n\n\n\n<p>Wir arbeiten an der WBRS mit dem Lehrwerk <em>Tous ensemble<\/em> und dem dazugeh\u00f6rigen <em>Cahier d\u2019activit\u00e9s <\/em>(also dem franz\u00f6sischen \u201eWorkbook\u201c) aus dem Klett-Verlag. Dieses Buch schult die Kompetenzen H\u00f6ren, Sprechen, Lesen und Schreiben und bietet au\u00dferdem differenzierte Aufgabentypen an.<\/p>\n\n\n\n<p>Im Franz\u00f6sischunterricht besch\u00e4ftigen wir uns nat\u00fcrlich mit dem Erlernen der franz\u00f6sischen Sprache sowie mit der Kultur und Geographie Frankreichs. Wir behandeln konkrete Sprechsituationen, wie das gegenseitige Kennenlernen, nach dem Weg fragen oder sich etwas zu essen kaufen und lernen verschiedene Regionen Frankreichs kennen.<\/p>\n\n\n\n<p>Aufgrund der geographischen N\u00e4he zu Belgien ist eine eint\u00e4gige Fahrt nach Br\u00fcssel oder Li\u00e8ge geplant.<\/p>\n\n\n\n<p>Du kannst das Fach Franz\u00f6sisch w\u00e4hlen,&nbsp;<\/p>\n\n\n\n<p>\u2022 wenn du Freude am Erlernen von Fremdsprachen hast,<\/p>\n\n\n\n<p>\u2022 wenn du Lust hast, Frankreich kennenzulernen,<\/p>\n\n\n\n<p>\u2022 wenn Englisch dir keine Probleme bereitet.<\/p>\n\n\n\n<p><em>\u00c0 bient\u00f4t !<\/em><\/p>\n","protected":false},"excerpt":{"rendered":"<p>(ZN, EH, ZI, RN) Bonjour et bienvenue ! Franz\u00f6sisch ist, wie Italienisch, Spanisch oder Portugiesisch, eine romanische Sprache. Sie wird in Europa in unseren Nachbarl\u00e4ndern Frankreich, Belgien, Luxemburg und der [&hellip;]<\/p>\n","protected":false},"author":7,"featured_media":0,"parent":0,"menu_order":0,"comment_status":"closed","ping_status":"closed","template":"","meta":{"ngg_post_thumbnail":0,"ocean_post_layout":"","ocean_both_sidebars_style":"","ocean_both_sidebars_content_width":0,"ocean_both_sidebars_sidebars_width":0,"ocean_sidebar":"0","ocean_second_sidebar":"0","ocean_disable_margins":"enable","ocean_add_body_class":"","ocean_shortcode_before_top_bar":"","ocean_shortcode_after_top_bar":"","ocean_shortcode_before_header":"","ocean_shortcode_after_header":"","ocean_has_shortcode":"","ocean_shortcode_after_title":"","ocean_shortcode_before_footer_widgets":"","ocean_shortcode_after_footer_widgets":"","ocean_shortcode_before_footer_bottom":"","ocean_shortcode_after_footer_bottom":"","ocean_display_top_bar":"default","ocean_display_header":"default","ocean_header_style":"","ocean_center_header_left_menu":"0","ocean_custom_header_template":"0","ocean_custom_logo":0,"ocean_custom_retina_logo":0,"ocean_custom_logo_max_width":0,"ocean_custom_logo_tablet_max_width":0,"ocean_custom_logo_mobile_max_width":0,"ocean_custom_logo_max_height":0,"ocean_custom_logo_tablet_max_height":0,"ocean_custom_logo_mobile_max_height":0,"ocean_header_custom_menu":"0","ocean_menu_typo_font_family":"0","ocean_menu_typo_font_subset":"","ocean_menu_typo_font_size":0,"ocean_menu_typo_font_size_tablet":0,"ocean_menu_typo_font_size_mobile":0,"ocean_menu_typo_font_size_unit":"px","ocean_menu_typo_font_weight":"","ocean_menu_typo_font_weight_tablet":"","ocean_menu_typo_font_weight_mobile":"","ocean_menu_typo_transform":"","ocean_menu_typo_transform_tablet":"","ocean_menu_typo_transform_mobile":"","ocean_menu_typo_line_height":0,"ocean_menu_typo_line_height_tablet":0,"ocean_menu_typo_line_height_mobile":0,"ocean_menu_typo_line_height_unit":"","ocean_menu_typo_spacing":0,"ocean_menu_typo_spacing_tablet":0,"ocean_menu_typo_spacing_mobile":0,"ocean_menu_typo_spacing_unit":"","ocean_menu_link_color":"","ocean_menu_link_color_hover":"","ocean_menu_link_color_active":"","ocean_menu_link_background":"","ocean_menu_link_hover_background":"","ocean_menu_link_active_background":"","ocean_menu_social_links_bg":"","ocean_menu_social_hover_links_bg":"","ocean_menu_social_links_color":"","ocean_menu_social_hover_links_color":"","ocean_disable_title":"default","ocean_disable_heading":"default","ocean_post_title":"","ocean_post_subheading":"","ocean_post_title_style":"","ocean_post_title_background_color":"","ocean_post_title_background":0,"ocean_post_title_bg_image_position":"","ocean_post_title_bg_image_attachment":"","ocean_post_title_bg_image_repeat":"","ocean_post_title_bg_image_size":"","ocean_post_title_height":0,"ocean_post_title_bg_overlay":0.5,"ocean_post_title_bg_overlay_color":"","ocean_disable_breadcrumbs":"default","ocean_breadcrumbs_color":"","ocean_breadcrumbs_separator_color":"","ocean_breadcrumbs_links_color":"","ocean_breadcrumbs_links_hover_color":"","ocean_display_footer_widgets":"default","ocean_display_footer_bottom":"default","ocean_custom_footer_template":"0","footnotes":""},"class_list":["post-3353","page","type-page","status-publish","hentry","entry"],"_links":{"self":[{"href":"https:\/\/www.wilhelm-busch-realschule.de\/index.php?rest_route=\/wp\/v2\/pages\/3353","targetHints":{"allow":["GET"]}}],"collection":[{"href":"https:\/\/www.wilhelm-busch-realschule.de\/index.php?rest_route=\/wp\/v2\/pages"}],"about":[{"href":"https:\/\/www.wilhelm-busch-realschule.de\/index.php?rest_route=\/wp\/v2\/types\/page"}],"author":[{"embeddable":true,"href":"https:\/\/www.wilhelm-busch-realschule.de\/index.php?rest_route=\/wp\/v2\/users\/7"}],"replies":[{"embeddable":true,"href":"https:\/\/www.wilhelm-busch-realschule.de\/index.php?rest_route=%2Fwp%2Fv2%2Fcomments&post=3353"}],"version-history":[{"count":3,"href":"https:\/\/www.wilhelm-busch-realschule.de\/index.php?rest_route=\/wp\/v2\/pages\/3353\/revisions"}],"predecessor-version":[{"id":5469,"href":"https:\/\/www.wilhelm-busch-realschule.de\/index.php?rest_route=\/wp\/v2\/pages\/3353\/revisions\/5469"}],"wp:attachment":[{"href":"https:\/\/www.wilhelm-busch-realschule.de\/index.php?rest_route=%2Fwp%2Fv2%2Fmedia&parent=3353"}],"curies":[{"name":"wp","href":"https:\/\/api.w.org\/{rel}","templated":true}]}}