{"id":3345,"date":"2020-06-28T19:03:12","date_gmt":"2020-06-28T17:03:12","guid":{"rendered":"http:\/\/wilhelm-busch-realschule.de\/?page_id=3345"},"modified":"2021-10-26T07:02:54","modified_gmt":"2021-10-26T05:02:54","slug":"deutsch","status":"publish","type":"page","link":"https:\/\/www.wilhelm-busch-realschule.de\/?page_id=3345","title":{"rendered":"Deutsch"},"content":{"rendered":"\n<div class=\"wp-block-media-text alignfull is-stacked-on-mobile\"><figure class=\"wp-block-media-text__media\"><img fetchpriority=\"high\" decoding=\"async\" width=\"1024\" height=\"576\" src=\"http:\/\/wilhelm-busch-realschule.de\/wp-content\/uploads\/2021\/10\/20210817_rs_1L0A0061-Fachschaft-Deutsch-Kopie-1024x576.jpg\" alt=\"\" class=\"wp-image-5460\" srcset=\"https:\/\/www.wilhelm-busch-realschule.de\/wp-content\/uploads\/2021\/10\/20210817_rs_1L0A0061-Fachschaft-Deutsch-Kopie-1024x576.jpg 1024w, https:\/\/www.wilhelm-busch-realschule.de\/wp-content\/uploads\/2021\/10\/20210817_rs_1L0A0061-Fachschaft-Deutsch-Kopie-300x169.jpg 300w, https:\/\/www.wilhelm-busch-realschule.de\/wp-content\/uploads\/2021\/10\/20210817_rs_1L0A0061-Fachschaft-Deutsch-Kopie-768x432.jpg 768w, https:\/\/www.wilhelm-busch-realschule.de\/wp-content\/uploads\/2021\/10\/20210817_rs_1L0A0061-Fachschaft-Deutsch-Kopie-1536x864.jpg 1536w, https:\/\/www.wilhelm-busch-realschule.de\/wp-content\/uploads\/2021\/10\/20210817_rs_1L0A0061-Fachschaft-Deutsch-Kopie-2048x1152.jpg 2048w\" sizes=\"(max-width: 1024px) 100vw, 1024px\" \/><\/figure><div class=\"wp-block-media-text__content\">\n<p class=\"has-large-font-size\"><\/p>\n<\/div><\/div>\n\n\n\n<p>(oben: SO, RI, KU, GA, SK; unten: MA, RU, SR, G\u00d6, ST)<\/p>\n\n\n\n<p><strong>\u201eAlso lautet der Beschluss, dass der Mensch was lernen muss!\u201c<\/strong><\/p>\n\n\n\n<p>Dieser sch\u00f6ne Satz von Wilhelm Busch klingt zwar etwas altmodisch, ist aber heute immer noch wahr. Der ber\u00fchmte Dichter und Maler Wilhelm Busch ist Namensgeber unserer Schule. Sein bekanntestes Werk \u201eMax und Moritz\u201c ist eines der meistverkauften Kinderb\u00fccher und wurde in 300 Sprachen und Dialekte \u00fcbertragen.<\/p>\n\n\n\n<p>Gute Leistungen in Deutsch sind zentral f\u00fcr den Erfolg in der Schule, im sp\u00e4teren Beruf und im Alltag. Um gut miteinander kommunizieren zu k\u00f6nnen, ist das Beherrschen der deutschen Sprache wichtig. Wir sind von Sprache und Texten umgeben, die uns \u00fcberall im Leben begleiten.<br>90 bis 105 Millionen Menschen sprechen Deutsch als <a href=\"https:\/\/de.wikipedia.org\/wiki\/Muttersprache\">Muttersprache<\/a>. Gesprochen wird es in <a href=\"https:\/\/de.wikipedia.org\/wiki\/Deutschland\">Deutschland<\/a>, <a href=\"https:\/\/de.wikipedia.org\/wiki\/%C3%96sterreich\">\u00d6sterreich<\/a> und in Teilen weiterer europ\u00e4ischer L\u00e4nder. Deutsch z\u00e4hlt neben Englisch und Franz\u00f6sisch zu den wichtigsten Amtssprachen der EU.<br>Es lohnt sich also, Deutsch zu beherrschen.<\/p>\n\n\n\n<p>Deutsch ist ein Hauptfach, das in den Stundenpl\u00e4nen aller Jahrg\u00e4nge mit vier Stunden und einer zus\u00e4tzlichen F\u00f6rderstunde verankert ist.<br>In den Jahrgangsstufen f\u00fcnf bis acht werden sechs, in den Jahrgangsstufen neun und zehn vier Klassenarbeiten pro Schuljahr geschrieben. Die Leistungen in den Arbeiten gehen zu 50% in die Zeugnisnote ein.<br>Die Jahrgangstufe acht nimmt jedes Jahr an den zentralen Lernstandserhebungen Deutsch teil.<br>Am Ende der zehnten Klasse legen die Sch\u00fcler und Sch\u00fclerinnen eine in ganz Nordrhein-Westfalen einheitliche Abschlusspr\u00fcfung ab.<\/p>\n\n\n\n<p>Jahrgangs\u00fcbergreifend bieten wir Deutsch als Zweitsprache an.<\/p>\n\n\n\n<p>Wir arbeiten mit der differenzierenden Ausgabe des Lehrwerks \u201eKlartext\u201c vom Westermann Verlag. Das Buch wird den Sch\u00fcler als Leihgabe zur Verf\u00fcgung gestellt, muss also nicht gekauft werden. Einige Lehrer arbeiten mit zus\u00e4tzlichen \u00dcbungsheften, die die Eltern dann anschaffen m\u00fcssten. Dar\u00fcber werden Sie jeweils am Anfang eines Schuljahres informiert.<\/p>\n\n\n\n<p>Die Lerninhalte des Faches Deutsch sind sehr vielf\u00e4ltig. Es geht ums Sprechen und Zuh\u00f6ren, ums Schreiben, Lesen und Verstehen von literarischen Texten, Sachtexten und Medien und um Reflexionen \u00fcber Sprache. Ein gutes Textverst\u00e4ndnis ist auch die Grundlage f\u00fcr gute Leistungen in&nbsp; weiteren F\u00e4chern.<\/p>\n\n\n\n<p>In der Regel lesen wir in jeder Jahrgangsstufe eine Lekt\u00fcre.<\/p>\n\n\n\n<p>Unsere 6. Klassen nehmen regelm\u00e4\u00dfig am bundesweiten Vorlesewettbewerb des Deutschen Buchhandels teil.<\/p>\n\n\n\n<p>Die Sch\u00fcler haben au\u00dferdem die M\u00f6glichkeit, unsere Schulzentrumsbibliothek zu nutzen.<\/p>\n","protected":false},"excerpt":{"rendered":"<p>(oben: SO, RI, KU, GA, SK; unten: MA, RU, SR, G\u00d6, ST) \u201eAlso lautet der Beschluss, dass der Mensch was lernen muss!\u201c Dieser sch\u00f6ne Satz von Wilhelm Busch klingt zwar [&hellip;]<\/p>\n","protected":false},"author":7,"featured_media":0,"parent":0,"menu_order":0,"comment_status":"closed","ping_status":"closed","template":"","meta":{"ngg_post_thumbnail":0,"ocean_post_layout":"","ocean_both_sidebars_style":"","ocean_both_sidebars_content_width":0,"ocean_both_sidebars_sidebars_width":0,"ocean_sidebar":"0","ocean_second_sidebar":"0","ocean_disable_margins":"enable","ocean_add_body_class":"","ocean_shortcode_before_top_bar":"","ocean_shortcode_after_top_bar":"","ocean_shortcode_before_header":"","ocean_shortcode_after_header":"","ocean_has_shortcode":"","ocean_shortcode_after_title":"","ocean_shortcode_before_footer_widgets":"","ocean_shortcode_after_footer_widgets":"","ocean_shortcode_before_footer_bottom":"","ocean_shortcode_after_footer_bottom":"","ocean_display_top_bar":"default","ocean_display_header":"default","ocean_header_style":"","ocean_center_header_left_menu":"0","ocean_custom_header_template":"0","ocean_custom_logo":0,"ocean_custom_retina_logo":0,"ocean_custom_logo_max_width":0,"ocean_custom_logo_tablet_max_width":0,"ocean_custom_logo_mobile_max_width":0,"ocean_custom_logo_max_height":0,"ocean_custom_logo_tablet_max_height":0,"ocean_custom_logo_mobile_max_height":0,"ocean_header_custom_menu":"0","ocean_menu_typo_font_family":"0","ocean_menu_typo_font_subset":"","ocean_menu_typo_font_size":0,"ocean_menu_typo_font_size_tablet":0,"ocean_menu_typo_font_size_mobile":0,"ocean_menu_typo_font_size_unit":"px","ocean_menu_typo_font_weight":"","ocean_menu_typo_font_weight_tablet":"","ocean_menu_typo_font_weight_mobile":"","ocean_menu_typo_transform":"","ocean_menu_typo_transform_tablet":"","ocean_menu_typo_transform_mobile":"","ocean_menu_typo_line_height":0,"ocean_menu_typo_line_height_tablet":0,"ocean_menu_typo_line_height_mobile":0,"ocean_menu_typo_line_height_unit":"","ocean_menu_typo_spacing":0,"ocean_menu_typo_spacing_tablet":0,"ocean_menu_typo_spacing_mobile":0,"ocean_menu_typo_spacing_unit":"","ocean_menu_link_color":"","ocean_menu_link_color_hover":"","ocean_menu_link_color_active":"","ocean_menu_link_background":"","ocean_menu_link_hover_background":"","ocean_menu_link_active_background":"","ocean_menu_social_links_bg":"","ocean_menu_social_hover_links_bg":"","ocean_menu_social_links_color":"","ocean_menu_social_hover_links_color":"","ocean_disable_title":"default","ocean_disable_heading":"default","ocean_post_title":"","ocean_post_subheading":"","ocean_post_title_style":"","ocean_post_title_background_color":"","ocean_post_title_background":0,"ocean_post_title_bg_image_position":"","ocean_post_title_bg_image_attachment":"","ocean_post_title_bg_image_repeat":"","ocean_post_title_bg_image_size":"","ocean_post_title_height":0,"ocean_post_title_bg_overlay":0.5,"ocean_post_title_bg_overlay_color":"","ocean_disable_breadcrumbs":"default","ocean_breadcrumbs_color":"","ocean_breadcrumbs_separator_color":"","ocean_breadcrumbs_links_color":"","ocean_breadcrumbs_links_hover_color":"","ocean_display_footer_widgets":"default","ocean_display_footer_bottom":"default","ocean_custom_footer_template":"0","footnotes":""},"class_list":["post-3345","page","type-page","status-publish","hentry","entry"],"_links":{"self":[{"href":"https:\/\/www.wilhelm-busch-realschule.de\/index.php?rest_route=\/wp\/v2\/pages\/3345","targetHints":{"allow":["GET"]}}],"collection":[{"href":"https:\/\/www.wilhelm-busch-realschule.de\/index.php?rest_route=\/wp\/v2\/pages"}],"about":[{"href":"https:\/\/www.wilhelm-busch-realschule.de\/index.php?rest_route=\/wp\/v2\/types\/page"}],"author":[{"embeddable":true,"href":"https:\/\/www.wilhelm-busch-realschule.de\/index.php?rest_route=\/wp\/v2\/users\/7"}],"replies":[{"embeddable":true,"href":"https:\/\/www.wilhelm-busch-realschule.de\/index.php?rest_route=%2Fwp%2Fv2%2Fcomments&post=3345"}],"version-history":[{"count":3,"href":"https:\/\/www.wilhelm-busch-realschule.de\/index.php?rest_route=\/wp\/v2\/pages\/3345\/revisions"}],"predecessor-version":[{"id":5462,"href":"https:\/\/www.wilhelm-busch-realschule.de\/index.php?rest_route=\/wp\/v2\/pages\/3345\/revisions\/5462"}],"wp:attachment":[{"href":"https:\/\/www.wilhelm-busch-realschule.de\/index.php?rest_route=%2Fwp%2Fv2%2Fmedia&parent=3345"}],"curies":[{"name":"wp","href":"https:\/\/api.w.org\/{rel}","templated":true}]}}