{"id":3333,"date":"2020-06-28T19:01:32","date_gmt":"2020-06-28T17:01:32","guid":{"rendered":"http:\/\/wilhelm-busch-realschule.de\/?page_id=3333"},"modified":"2021-10-26T07:11:14","modified_gmt":"2021-10-26T05:11:14","slug":"mathematik","status":"publish","type":"page","link":"https:\/\/www.wilhelm-busch-realschule.de\/?page_id=3333","title":{"rendered":"Mathematik"},"content":{"rendered":"\n<div class=\"wp-block-media-text alignfull is-stacked-on-mobile\"><figure class=\"wp-block-media-text__media\"><img fetchpriority=\"high\" decoding=\"async\" width=\"1024\" height=\"575\" src=\"http:\/\/wilhelm-busch-realschule.de\/wp-content\/uploads\/2021\/10\/20210817_rs_1L0A0087-Fachschaft-Mathe-Kopie-1024x575.jpg\" alt=\"\" class=\"wp-image-5465\" srcset=\"https:\/\/www.wilhelm-busch-realschule.de\/wp-content\/uploads\/2021\/10\/20210817_rs_1L0A0087-Fachschaft-Mathe-Kopie-1024x575.jpg 1024w, https:\/\/www.wilhelm-busch-realschule.de\/wp-content\/uploads\/2021\/10\/20210817_rs_1L0A0087-Fachschaft-Mathe-Kopie-300x169.jpg 300w, https:\/\/www.wilhelm-busch-realschule.de\/wp-content\/uploads\/2021\/10\/20210817_rs_1L0A0087-Fachschaft-Mathe-Kopie-768x432.jpg 768w, https:\/\/www.wilhelm-busch-realschule.de\/wp-content\/uploads\/2021\/10\/20210817_rs_1L0A0087-Fachschaft-Mathe-Kopie-1536x863.jpg 1536w, https:\/\/www.wilhelm-busch-realschule.de\/wp-content\/uploads\/2021\/10\/20210817_rs_1L0A0087-Fachschaft-Mathe-Kopie-2048x1151.jpg 2048w\" sizes=\"(max-width: 1024px) 100vw, 1024px\" \/><\/figure><div class=\"wp-block-media-text__content\">\n<p class=\"has-large-font-size\"><\/p>\n<\/div><\/div>\n\n\n\n<p>(oben: BK, KA, CA, MW, G\u00d6; unten: KO, RO, JN, ST)<\/p>\n\n\n\n<p><strong>Mathematik \u2013 (d)ein lebenslanger Begleiter 1\u20262\u20263\u2026 los!<\/strong><\/p>\n\n\n\n<p>Mathematik begleitet uns immer \u2013 nicht nur in der Schule, sondern im Leben. Mathematik umgibt uns immer und \u00fcberall.<\/p>\n\n\n\n<p>Die Mathematik ist ein Bestandteil in vielen Bereichen unseres t\u00e4glichen Lebens. Alleine schon beim Einkaufen, Kochen oder auch bei Handwerksarbeiten sind mathematische Kenntnisse gefordert.<\/p>\n\n\n\n<p>Mit lebensnahen Themen und handlungsorientierten Lernsituationen wird die Mathematik so von Beginn an begreif- und erfahrbar und die Sch\u00fclerinnen und Sch\u00fcler erfahren, wo Mathematik f\u00fcr sie \u00fcberall stattfindet. Wer also mathematisches Verst\u00e4ndnis hat, kommt in vielen Situationen auch als Erwachsener besser durch den Alltag.<\/p>\n\n\n\n<p>Das Fach Mathematik ist ein Hauptfach, welches in allen Jahrg\u00e4ngen vierst\u00fcndig unterrichtet wird. Zus\u00e4tzlich gibt es Matheerg\u00e4nzungsstunden. In diesen Stunden wird das Erlernte wiederholt und ge\u00fcbt. In der Jahrgangsstufe 9 lernen die Sch\u00fclerinnen und Sch\u00fcler hier das Programm Excel kennen.<\/p>\n\n\n\n<p>In der Jahrgangsstufe 8 schreiben die Sch\u00fcler\/Innen die Lernstandserhebung. Es ist ein Testverfahren, die den erreichten Lernstand von den Klassen untersucht.<\/p>\n\n\n\n<p>Am Ende der Klasse 10 wird eine zentrale Abschlusspr\u00fcfung durchgef\u00fchrt. Diese zentrale Pr\u00fcfung ist eine Voraussetzung f\u00fcr die Erlangung des Hauptschulabschlusses nach Klasse 10 oder des mittleren Schulabschlusses.<\/p>\n\n\n\n<p>In den Jahrg\u00e4ngen 5 bis 8 arbeiten wir mit dem Sekundo-Mathebuch von Westermann und dem dazugeh\u00f6rigen Arbeitsheft. In den Jahrg\u00e4ngen 9 bis 10 benutzen wir noch Ma\u00dfstab vom Schroedelverlag. Die B\u00fccher der h\u00f6heren Jahrg\u00e4nge werden nach und nach durch das Sekundo ersetzt.<\/p>\n\n\n\n<p>Auch F\u00f6rdersch\u00fcler arbeiten mit dem Sekundo-Arbeitsheft. Es gibt eine eigene Version mit F\u00f6rderaufgaben. Differenzierungsaufgaben gibt es sowohl im Buch als auch im Arbeitsheft f\u00fcr alle Sch\u00fclerinnen und Sch\u00fcler. Die \u201eAlles klar?\u201c-Seiten fassen das Thema anschaulich zusammen und anhand der L\u00f6sungen k\u00f6nnen ihr eure Ergebnisse \u00fcberpr\u00fcfen.<\/p>\n\n\n\n<p>In dem Hauptfach Mathematik lernen wir die Grundlagen der Mathematik, wie Addition und Subtraktion, aber auch Geometrie, Funktionen, Bruchrechnung, Gleichungen oder die dazugeh\u00f6rige Fachsprache und noch viele weitere Themen. Auch lernen wir mathematische Probleme zu strukturieren, systematisch Vorzugehen und mit Logik und unserem Verstand zu l\u00f6sen. In der achten Klasse, im zweiten Halbjahr wird der Taschenrechner eingef\u00fchrt. Ab hier ist das Rechnen an sich weniger wichtig und das Anwenden von Regeln und Formeln r\u00fcckt in den Vordergrund.<\/p>\n\n\n\n<p>Des Weiteren findet jedes Jahr der K\u00e4nguru-Wettbewerb in allen Jahrg\u00e4ngen statt. Die Teilnahme ist freiwillig und wird von dem Veranstalter mit Preisen versehen.<\/p>\n\n\n\n<p><strong>&#8222;Die Mathematik ist die K\u00f6nigin der Wissenschaften&#8220;<\/strong><\/p>\n\n\n\n<p class=\"has-text-align-right\">Carl Friedrich Gau\u00df<\/p>\n","protected":false},"excerpt":{"rendered":"<p>(oben: BK, KA, CA, MW, G\u00d6; unten: KO, RO, JN, ST) Mathematik \u2013 (d)ein lebenslanger Begleiter 1\u20262\u20263\u2026 los! Mathematik begleitet uns immer \u2013 nicht nur in der Schule, sondern im [&hellip;]<\/p>\n","protected":false},"author":7,"featured_media":0,"parent":0,"menu_order":0,"comment_status":"closed","ping_status":"closed","template":"","meta":{"ngg_post_thumbnail":0,"ocean_post_layout":"","ocean_both_sidebars_style":"","ocean_both_sidebars_content_width":0,"ocean_both_sidebars_sidebars_width":0,"ocean_sidebar":"0","ocean_second_sidebar":"0","ocean_disable_margins":"enable","ocean_add_body_class":"","ocean_shortcode_before_top_bar":"","ocean_shortcode_after_top_bar":"","ocean_shortcode_before_header":"","ocean_shortcode_after_header":"","ocean_has_shortcode":"","ocean_shortcode_after_title":"","ocean_shortcode_before_footer_widgets":"","ocean_shortcode_after_footer_widgets":"","ocean_shortcode_before_footer_bottom":"","ocean_shortcode_after_footer_bottom":"","ocean_display_top_bar":"default","ocean_display_header":"default","ocean_header_style":"","ocean_center_header_left_menu":"0","ocean_custom_header_template":"0","ocean_custom_logo":0,"ocean_custom_retina_logo":0,"ocean_custom_logo_max_width":0,"ocean_custom_logo_tablet_max_width":0,"ocean_custom_logo_mobile_max_width":0,"ocean_custom_logo_max_height":0,"ocean_custom_logo_tablet_max_height":0,"ocean_custom_logo_mobile_max_height":0,"ocean_header_custom_menu":"0","ocean_menu_typo_font_family":"0","ocean_menu_typo_font_subset":"","ocean_menu_typo_font_size":0,"ocean_menu_typo_font_size_tablet":0,"ocean_menu_typo_font_size_mobile":0,"ocean_menu_typo_font_size_unit":"px","ocean_menu_typo_font_weight":"","ocean_menu_typo_font_weight_tablet":"","ocean_menu_typo_font_weight_mobile":"","ocean_menu_typo_transform":"","ocean_menu_typo_transform_tablet":"","ocean_menu_typo_transform_mobile":"","ocean_menu_typo_line_height":0,"ocean_menu_typo_line_height_tablet":0,"ocean_menu_typo_line_height_mobile":0,"ocean_menu_typo_line_height_unit":"","ocean_menu_typo_spacing":0,"ocean_menu_typo_spacing_tablet":0,"ocean_menu_typo_spacing_mobile":0,"ocean_menu_typo_spacing_unit":"","ocean_menu_link_color":"","ocean_menu_link_color_hover":"","ocean_menu_link_color_active":"","ocean_menu_link_background":"","ocean_menu_link_hover_background":"","ocean_menu_link_active_background":"","ocean_menu_social_links_bg":"","ocean_menu_social_hover_links_bg":"","ocean_menu_social_links_color":"","ocean_menu_social_hover_links_color":"","ocean_disable_title":"default","ocean_disable_heading":"default","ocean_post_title":"","ocean_post_subheading":"","ocean_post_title_style":"","ocean_post_title_background_color":"","ocean_post_title_background":0,"ocean_post_title_bg_image_position":"","ocean_post_title_bg_image_attachment":"","ocean_post_title_bg_image_repeat":"","ocean_post_title_bg_image_size":"","ocean_post_title_height":0,"ocean_post_title_bg_overlay":0.5,"ocean_post_title_bg_overlay_color":"","ocean_disable_breadcrumbs":"default","ocean_breadcrumbs_color":"","ocean_breadcrumbs_separator_color":"","ocean_breadcrumbs_links_color":"","ocean_breadcrumbs_links_hover_color":"","ocean_display_footer_widgets":"default","ocean_display_footer_bottom":"default","ocean_custom_footer_template":"0","footnotes":""},"class_list":["post-3333","page","type-page","status-publish","hentry","entry"],"_links":{"self":[{"href":"https:\/\/www.wilhelm-busch-realschule.de\/index.php?rest_route=\/wp\/v2\/pages\/3333","targetHints":{"allow":["GET"]}}],"collection":[{"href":"https:\/\/www.wilhelm-busch-realschule.de\/index.php?rest_route=\/wp\/v2\/pages"}],"about":[{"href":"https:\/\/www.wilhelm-busch-realschule.de\/index.php?rest_route=\/wp\/v2\/types\/page"}],"author":[{"embeddable":true,"href":"https:\/\/www.wilhelm-busch-realschule.de\/index.php?rest_route=\/wp\/v2\/users\/7"}],"replies":[{"embeddable":true,"href":"https:\/\/www.wilhelm-busch-realschule.de\/index.php?rest_route=%2Fwp%2Fv2%2Fcomments&post=3333"}],"version-history":[{"count":4,"href":"https:\/\/www.wilhelm-busch-realschule.de\/index.php?rest_route=\/wp\/v2\/pages\/3333\/revisions"}],"predecessor-version":[{"id":5467,"href":"https:\/\/www.wilhelm-busch-realschule.de\/index.php?rest_route=\/wp\/v2\/pages\/3333\/revisions\/5467"}],"wp:attachment":[{"href":"https:\/\/www.wilhelm-busch-realschule.de\/index.php?rest_route=%2Fwp%2Fv2%2Fmedia&parent=3333"}],"curies":[{"name":"wp","href":"https:\/\/api.w.org\/{rel}","templated":true}]}}