{"id":3329,"date":"2020-06-28T19:01:11","date_gmt":"2020-06-28T17:01:11","guid":{"rendered":"http:\/\/wilhelm-busch-realschule.de\/?page_id=3329"},"modified":"2020-12-22T15:21:32","modified_gmt":"2020-12-22T14:21:32","slug":"informatik","status":"publish","type":"page","link":"https:\/\/www.wilhelm-busch-realschule.de\/?page_id=3329","title":{"rendered":"Informatik"},"content":{"rendered":"\n<p><strong>Informatiksysteme <\/strong>sindaus dem Leben im 21. Jahrhundert nicht mehr wegzudenken, sie stehen in intensiver Wechselwirkung mit Individuum und Gesellschaft. Sch\u00fclerinnen und Sch\u00fcler werden im Informatikunterricht auf den Nutzen, aber auch die Risiken f\u00fcr unsere Lebens- und Arbeitswelt vorbereitet.<\/p>\n\n\n\n<p>Es gibt keinen Lebensbereich mehr, der ohne Informationstechnologie auskommt. Im Berufsalltag wird beispielsweise in allen B\u00fcros der Schriftverkehr am Computer erledigt, teilweise auch \u00fcber das Internet verschickt. Die Lagerhaltung in gro\u00dfen Firmen wird mithilfe der EDV gef\u00fchrt. Im privaten Alltag erfolgt Einkaufen immer \u00f6fter online.<\/p>\n\n\n\n<p>Informatik an der Wilhelm- Busch- Realschule ist in der Erprobungsstufe das Nebenfach Informationstechnische Grundbildung (ITG) und bietet den Klassen einen Einstieg in das Fach Informatik. Beispielsweise erkunden die Sch\u00fclerinnen und Sch\u00fcler den PC Arbeitsplatz, erkennen den Unterschied von Hard- und Software und erlernen die Grundlagen von Anwenderprogrammen wie Textverarbeitung oder Pr\u00e4sentationsm\u00f6glichkeiten.<\/p>\n\n\n\n<p>Ab der siebten Klasse kann das Fach Informatik als Wahlpflichtfach ausgesucht werden und wird dann bis zum Ende der zehnten Klasse neben Mathematik, Englisch und Deutsch als Hauptfach gef\u00fchrt.<\/p>\n\n\n\n<p>Wir arbeiten an der WBRS mit individuell zusammengestellten Materialmappen, die aus unterschiedlichen Lehrwerken kombiniert worden sind, zum Beispiel aus \u201eeinfach Informatik\u201c (Klett Verlag), Starke Seiten (Klett Verlag) oder \u201eInformatische Bildung\u201c (Cornelsen Verlag).<\/p>\n\n\n\n<p>Alle Materialien, die wir verwenden, schulen die Kompetenzbereiche und Inhaltsfelder des Faches, namentlich Darstellen und Interpretieren, Kommunizieren und Kooperieren sowie Modellieren und Implementieren.<\/p>\n\n\n\n<p>Im Informatikunterricht als Wahlpflichtfach besch\u00e4ftigen wir uns mit dem Erlernen von Programmiersprachen wie Java oder Python, wir erl\u00e4utern den Aufbau und die Funktion von Informatiksystemen und erstellen ein Medienprodukt (z. B. ein Spiel). Au\u00dferdem recherchieren wir die historische Entwicklung der Informatik und beleuchten die Chancen und Risiken f\u00fcr die Zukunft.<\/p>\n\n\n\n<p>F\u00fcr die WPU- Kurse (7. Bis 10. Klasse) sind zwei Tagesexkursionen geplant, namentlich<\/p>\n\n\n\n<ul class=\"wp-block-list\"><li>Der Besuch des Arithmeums in Bonn<\/li><\/ul>\n\n\n\n<ul class=\"wp-block-list\"><li>Der Besuch des Computermuseums in Paderborn.<\/li><\/ul>\n\n\n\n<p>Du kannst dich f\u00fcr das Fach Informatik als Wahlpflichtfach entscheiden,<\/p>\n\n\n\n<ul class=\"wp-block-list\"><li>wenn du Forschergeist hast und gerne nachdenkst,<\/li><li>wenn du Freude daran hast, logisch zu denken,<\/li><li>wenn du Freude daran hast, Modelle zu konstruieren,<\/li><li>wenn du Spa\u00df daran hast, selbst Dinge zu entwickeln.<\/li><\/ul>\n","protected":false},"excerpt":{"rendered":"<p>Informatiksysteme sindaus dem Leben im 21. Jahrhundert nicht mehr wegzudenken, sie stehen in intensiver Wechselwirkung mit Individuum und Gesellschaft. Sch\u00fclerinnen und Sch\u00fcler werden im Informatikunterricht auf den Nutzen, aber auch [&hellip;]<\/p>\n","protected":false},"author":7,"featured_media":0,"parent":0,"menu_order":0,"comment_status":"closed","ping_status":"closed","template":"","meta":{"ngg_post_thumbnail":0,"ocean_post_layout":"","ocean_both_sidebars_style":"","ocean_both_sidebars_content_width":0,"ocean_both_sidebars_sidebars_width":0,"ocean_sidebar":"","ocean_second_sidebar":"","ocean_disable_margins":"enable","ocean_add_body_class":"","ocean_shortcode_before_top_bar":"","ocean_shortcode_after_top_bar":"","ocean_shortcode_before_header":"","ocean_shortcode_after_header":"","ocean_has_shortcode":"","ocean_shortcode_after_title":"","ocean_shortcode_before_footer_widgets":"","ocean_shortcode_after_footer_widgets":"","ocean_shortcode_before_footer_bottom":"","ocean_shortcode_after_footer_bottom":"","ocean_display_top_bar":"default","ocean_display_header":"default","ocean_header_style":"","ocean_center_header_left_menu":"","ocean_custom_header_template":"","ocean_custom_logo":0,"ocean_custom_retina_logo":0,"ocean_custom_logo_max_width":0,"ocean_custom_logo_tablet_max_width":0,"ocean_custom_logo_mobile_max_width":0,"ocean_custom_logo_max_height":0,"ocean_custom_logo_tablet_max_height":0,"ocean_custom_logo_mobile_max_height":0,"ocean_header_custom_menu":"","ocean_menu_typo_font_family":"","ocean_menu_typo_font_subset":"","ocean_menu_typo_font_size":0,"ocean_menu_typo_font_size_tablet":0,"ocean_menu_typo_font_size_mobile":0,"ocean_menu_typo_font_size_unit":"px","ocean_menu_typo_font_weight":"","ocean_menu_typo_font_weight_tablet":"","ocean_menu_typo_font_weight_mobile":"","ocean_menu_typo_transform":"","ocean_menu_typo_transform_tablet":"","ocean_menu_typo_transform_mobile":"","ocean_menu_typo_line_height":0,"ocean_menu_typo_line_height_tablet":0,"ocean_menu_typo_line_height_mobile":0,"ocean_menu_typo_line_height_unit":"","ocean_menu_typo_spacing":0,"ocean_menu_typo_spacing_tablet":0,"ocean_menu_typo_spacing_mobile":0,"ocean_menu_typo_spacing_unit":"","ocean_menu_link_color":"","ocean_menu_link_color_hover":"","ocean_menu_link_color_active":"","ocean_menu_link_background":"","ocean_menu_link_hover_background":"","ocean_menu_link_active_background":"","ocean_menu_social_links_bg":"","ocean_menu_social_hover_links_bg":"","ocean_menu_social_links_color":"","ocean_menu_social_hover_links_color":"","ocean_disable_title":"default","ocean_disable_heading":"default","ocean_post_title":"","ocean_post_subheading":"","ocean_post_title_style":"","ocean_post_title_background_color":"","ocean_post_title_background":0,"ocean_post_title_bg_image_position":"","ocean_post_title_bg_image_attachment":"","ocean_post_title_bg_image_repeat":"","ocean_post_title_bg_image_size":"","ocean_post_title_height":0,"ocean_post_title_bg_overlay":0.5,"ocean_post_title_bg_overlay_color":"","ocean_disable_breadcrumbs":"default","ocean_breadcrumbs_color":"","ocean_breadcrumbs_separator_color":"","ocean_breadcrumbs_links_color":"","ocean_breadcrumbs_links_hover_color":"","ocean_display_footer_widgets":"default","ocean_display_footer_bottom":"default","ocean_custom_footer_template":"","footnotes":""},"class_list":["post-3329","page","type-page","status-publish","hentry","entry"],"_links":{"self":[{"href":"https:\/\/www.wilhelm-busch-realschule.de\/index.php?rest_route=\/wp\/v2\/pages\/3329","targetHints":{"allow":["GET"]}}],"collection":[{"href":"https:\/\/www.wilhelm-busch-realschule.de\/index.php?rest_route=\/wp\/v2\/pages"}],"about":[{"href":"https:\/\/www.wilhelm-busch-realschule.de\/index.php?rest_route=\/wp\/v2\/types\/page"}],"author":[{"embeddable":true,"href":"https:\/\/www.wilhelm-busch-realschule.de\/index.php?rest_route=\/wp\/v2\/users\/7"}],"replies":[{"embeddable":true,"href":"https:\/\/www.wilhelm-busch-realschule.de\/index.php?rest_route=%2Fwp%2Fv2%2Fcomments&post=3329"}],"version-history":[{"count":3,"href":"https:\/\/www.wilhelm-busch-realschule.de\/index.php?rest_route=\/wp\/v2\/pages\/3329\/revisions"}],"predecessor-version":[{"id":4153,"href":"https:\/\/www.wilhelm-busch-realschule.de\/index.php?rest_route=\/wp\/v2\/pages\/3329\/revisions\/4153"}],"wp:attachment":[{"href":"https:\/\/www.wilhelm-busch-realschule.de\/index.php?rest_route=%2Fwp%2Fv2%2Fmedia&parent=3329"}],"curies":[{"name":"wp","href":"https:\/\/api.w.org\/{rel}","templated":true}]}}