{"id":3313,"date":"2020-06-28T18:58:34","date_gmt":"2020-06-28T16:58:34","guid":{"rendered":"http:\/\/wilhelm-busch-realschule.de\/?page_id=3313"},"modified":"2021-10-26T06:47:48","modified_gmt":"2021-10-26T04:47:48","slug":"musik","status":"publish","type":"page","link":"https:\/\/www.wilhelm-busch-realschule.de\/?page_id=3313","title":{"rendered":"Musik"},"content":{"rendered":"\n<div class=\"wp-block-media-text alignfull is-stacked-on-mobile\"><figure class=\"wp-block-media-text__media\"><img fetchpriority=\"high\" decoding=\"async\" width=\"1024\" height=\"575\" src=\"http:\/\/wilhelm-busch-realschule.de\/wp-content\/uploads\/2021\/10\/20210817_rs_1L0A0131-Fachschaft-Musik-Kopie-1024x575.jpg\" alt=\"\" class=\"wp-image-5452\" srcset=\"https:\/\/www.wilhelm-busch-realschule.de\/wp-content\/uploads\/2021\/10\/20210817_rs_1L0A0131-Fachschaft-Musik-Kopie-1024x575.jpg 1024w, https:\/\/www.wilhelm-busch-realschule.de\/wp-content\/uploads\/2021\/10\/20210817_rs_1L0A0131-Fachschaft-Musik-Kopie-300x169.jpg 300w, https:\/\/www.wilhelm-busch-realschule.de\/wp-content\/uploads\/2021\/10\/20210817_rs_1L0A0131-Fachschaft-Musik-Kopie-768x432.jpg 768w, https:\/\/www.wilhelm-busch-realschule.de\/wp-content\/uploads\/2021\/10\/20210817_rs_1L0A0131-Fachschaft-Musik-Kopie-1536x863.jpg 1536w, https:\/\/www.wilhelm-busch-realschule.de\/wp-content\/uploads\/2021\/10\/20210817_rs_1L0A0131-Fachschaft-Musik-Kopie-2048x1151.jpg 2048w\" sizes=\"(max-width: 1024px) 100vw, 1024px\" \/><\/figure><div class=\"wp-block-media-text__content\">\n<p class=\"has-large-font-size\"><\/p>\n<\/div><\/div>\n\n\n\n<p>(RO, KO, FE)<\/p>\n\n\n\n<p><strong>Das Fach Musik an der Wilhelm-Busch-Realschule<\/strong><\/p>\n\n\n\n<p><em>\u201e<\/em><strong><em>Musik <\/em><\/strong><em>wird oft nicht sch\u00f6n gefunden, weil sie stets mit Ger\u00e4usch verbunden.\u201c<br><\/em><strong>Wilhelm Busch<\/strong><\/p>\n\n\n\n<p>Mit dem Lauschen auf Kl\u00e4nge und Ger\u00e4usche, dem aufmerksamen Zuh\u00f6ren mit Herz und Ohren f\u00e4ngt bei uns in der 5. Klasse der Musikunterricht an. Mit K\u00f6rper und Stimme wird dann sofort zusammen Musik gemacht.<\/p>\n\n\n\n<p>Diese Verbindung von H\u00f6ren und gemeinsamen Handeln steht beim unserem Musikunterricht im Mittelpunkt. Die Sch\u00fclerinnen und Sch\u00fcler erleben sich dadurch als kreative selbst-wirksame Pers\u00f6nlichkeiten und entwickeln Selbstbewusstsein und Sensibilit\u00e4t f\u00fcr andere.<\/p>\n\n\n\n<p>Das Fach Musik hat dadurch seinen festen Platz im Schulleben der <strong>Wilhelm-Busch-Realschule.<\/strong><\/p>\n\n\n\n<p>Unterricht in Musik gibt es zur Zeit in der<\/p>\n\n\n\n<p>5.5. Klasse<br>6.6. Klasse<br>7.8. Klasse (halbj\u00e4hrlich in geteilten Klassen) 8.9. Klasse<\/p>\n\n\n\n<p>Im Verlauf der Jahre lernen die Sch\u00fclerinnen und Sch\u00fcler die Grundlagen der Musik, \u00fcber Instrumente und ihren Aufbau, Musikgeschichte vom Minnegesang des Mittelalters bis zum aktuellen HipHop, von Beethoven, \u00fcber die Beatles bis Billie Eilish.<br>Die \u00e4lteren Jahrg\u00e4nge besch\u00e4ftigen sich mit der gesellschaftlichen Funktion von Musik, Rock- und Pop-Geschichte und Musiktheater.<\/p>\n\n\n\n<p>So oft wie m\u00f6glich h\u00f6ren wir uns die Musik nicht nur an, sondern singen und spielen sie auch nach. Daf\u00fcr stehen neben Boomwhackern (eint\u00f6nige Kunststoffinstrumente, mit den wirklich jeder spielen kann) und vielen Rhythmusinstrumenten auch Keyboard und Gitarren zur Verf\u00fcgung.<\/p>\n\n\n\n<p>Vertiefen k\u00f6nnen die Sch\u00fclerinnen und Sch\u00fcler ihre F\u00e4higkeiten in den Neigungsgruppen \u2022Unterstufen-Schulchor<br>\u2022Schulband<br>\u2022Musik-AG<\/p>\n\n\n\n<p>Die Fachschaft Musik<\/p>\n","protected":false},"excerpt":{"rendered":"<p>(RO, KO, FE) Das Fach Musik an der Wilhelm-Busch-Realschule \u201eMusik wird oft nicht sch\u00f6n gefunden, weil sie stets mit Ger\u00e4usch verbunden.\u201cWilhelm Busch Mit dem Lauschen auf Kl\u00e4nge und Ger\u00e4usche, dem [&hellip;]<\/p>\n","protected":false},"author":7,"featured_media":0,"parent":0,"menu_order":0,"comment_status":"closed","ping_status":"closed","template":"","meta":{"ngg_post_thumbnail":0,"ocean_post_layout":"","ocean_both_sidebars_style":"","ocean_both_sidebars_content_width":0,"ocean_both_sidebars_sidebars_width":0,"ocean_sidebar":"0","ocean_second_sidebar":"0","ocean_disable_margins":"enable","ocean_add_body_class":"","ocean_shortcode_before_top_bar":"","ocean_shortcode_after_top_bar":"","ocean_shortcode_before_header":"","ocean_shortcode_after_header":"","ocean_has_shortcode":"","ocean_shortcode_after_title":"","ocean_shortcode_before_footer_widgets":"","ocean_shortcode_after_footer_widgets":"","ocean_shortcode_before_footer_bottom":"","ocean_shortcode_after_footer_bottom":"","ocean_display_top_bar":"default","ocean_display_header":"default","ocean_header_style":"","ocean_center_header_left_menu":"0","ocean_custom_header_template":"0","ocean_custom_logo":0,"ocean_custom_retina_logo":0,"ocean_custom_logo_max_width":0,"ocean_custom_logo_tablet_max_width":0,"ocean_custom_logo_mobile_max_width":0,"ocean_custom_logo_max_height":0,"ocean_custom_logo_tablet_max_height":0,"ocean_custom_logo_mobile_max_height":0,"ocean_header_custom_menu":"0","ocean_menu_typo_font_family":"0","ocean_menu_typo_font_subset":"","ocean_menu_typo_font_size":0,"ocean_menu_typo_font_size_tablet":0,"ocean_menu_typo_font_size_mobile":0,"ocean_menu_typo_font_size_unit":"px","ocean_menu_typo_font_weight":"","ocean_menu_typo_font_weight_tablet":"","ocean_menu_typo_font_weight_mobile":"","ocean_menu_typo_transform":"","ocean_menu_typo_transform_tablet":"","ocean_menu_typo_transform_mobile":"","ocean_menu_typo_line_height":0,"ocean_menu_typo_line_height_tablet":0,"ocean_menu_typo_line_height_mobile":0,"ocean_menu_typo_line_height_unit":"","ocean_menu_typo_spacing":0,"ocean_menu_typo_spacing_tablet":0,"ocean_menu_typo_spacing_mobile":0,"ocean_menu_typo_spacing_unit":"","ocean_menu_link_color":"","ocean_menu_link_color_hover":"","ocean_menu_link_color_active":"","ocean_menu_link_background":"","ocean_menu_link_hover_background":"","ocean_menu_link_active_background":"","ocean_menu_social_links_bg":"","ocean_menu_social_hover_links_bg":"","ocean_menu_social_links_color":"","ocean_menu_social_hover_links_color":"","ocean_disable_title":"default","ocean_disable_heading":"default","ocean_post_title":"","ocean_post_subheading":"","ocean_post_title_style":"","ocean_post_title_background_color":"","ocean_post_title_background":0,"ocean_post_title_bg_image_position":"","ocean_post_title_bg_image_attachment":"","ocean_post_title_bg_image_repeat":"","ocean_post_title_bg_image_size":"","ocean_post_title_height":0,"ocean_post_title_bg_overlay":0.5,"ocean_post_title_bg_overlay_color":"","ocean_disable_breadcrumbs":"default","ocean_breadcrumbs_color":"","ocean_breadcrumbs_separator_color":"","ocean_breadcrumbs_links_color":"","ocean_breadcrumbs_links_hover_color":"","ocean_display_footer_widgets":"default","ocean_display_footer_bottom":"default","ocean_custom_footer_template":"0","footnotes":""},"class_list":["post-3313","page","type-page","status-publish","hentry","entry"],"_links":{"self":[{"href":"https:\/\/www.wilhelm-busch-realschule.de\/index.php?rest_route=\/wp\/v2\/pages\/3313","targetHints":{"allow":["GET"]}}],"collection":[{"href":"https:\/\/www.wilhelm-busch-realschule.de\/index.php?rest_route=\/wp\/v2\/pages"}],"about":[{"href":"https:\/\/www.wilhelm-busch-realschule.de\/index.php?rest_route=\/wp\/v2\/types\/page"}],"author":[{"embeddable":true,"href":"https:\/\/www.wilhelm-busch-realschule.de\/index.php?rest_route=\/wp\/v2\/users\/7"}],"replies":[{"embeddable":true,"href":"https:\/\/www.wilhelm-busch-realschule.de\/index.php?rest_route=%2Fwp%2Fv2%2Fcomments&post=3313"}],"version-history":[{"count":6,"href":"https:\/\/www.wilhelm-busch-realschule.de\/index.php?rest_route=\/wp\/v2\/pages\/3313\/revisions"}],"predecessor-version":[{"id":5458,"href":"https:\/\/www.wilhelm-busch-realschule.de\/index.php?rest_route=\/wp\/v2\/pages\/3313\/revisions\/5458"}],"wp:attachment":[{"href":"https:\/\/www.wilhelm-busch-realschule.de\/index.php?rest_route=%2Fwp%2Fv2%2Fmedia&parent=3313"}],"curies":[{"name":"wp","href":"https:\/\/api.w.org\/{rel}","templated":true}]}}