{"id":3301,"date":"2020-06-28T18:55:56","date_gmt":"2020-06-28T16:55:56","guid":{"rendered":"http:\/\/wilhelm-busch-realschule.de\/?page_id=3301"},"modified":"2021-01-18T19:43:43","modified_gmt":"2021-01-18T18:43:43","slug":"sozialwissenschaften-2","status":"publish","type":"page","link":"https:\/\/www.wilhelm-busch-realschule.de\/?page_id=3301","title":{"rendered":"Sozialwissenschaften"},"content":{"rendered":"\n<p><em><strong>\u201eDas gr\u00f6\u00dfte Ziel der Bildung ist nicht Wissen, sondern Handeln.\u201c<\/strong><\/em><\/p>\n\n\n\n<p><strong>Herbert Spencer<\/strong><\/p>\n\n\n\n<p>Die Hauptaufgabe des Faches Sozialwissenschaften besteht darin, die Sch\u00fclerinnen und Sch\u00fcler zu m\u00fcndigen B\u00fcrgerinnen und B\u00fcrgern zu erziehen, die auf der Grundlage von Fakten und durch reflektiertes Abw\u00e4gen verschiedener Interessen eine begr\u00fcndete, reflektierte und ausgewogene Entscheidung treffen sowie Handlungen aus\u00fcben.&nbsp;<\/p>\n\n\n\n<p>Zu solchen Handlungen geh\u00f6rt neben den vielen allt\u00e4glichen und lebensver\u00e4ndernden Entscheidungen unter anderem politische Partizipation, zum Beispiel durch Teilnahme an den demokratischen Wahlen.&nbsp;<\/p>\n\n\n\n<p>Die Inhalte des Faches zeichnen sich durch Alltagsn\u00e4he sowie Relevanz f\u00fcr politische und gesellschaftliche Urteilsbildung aus.&nbsp;<\/p>\n\n\n\n<p>Anhand bedeutungsvoller politischer, wirtschaftlicher und sozialer thematischer Schwerpunkte, wie Demokratie, Sozialstaat, Menschenrechte, Umweltschutz, Migration und Globalisierung, werden wichtige gesellschaftliche Kompetenzen vermittelt, gef\u00f6rdert und gefordert.&nbsp;<\/p>\n\n\n\n<p>Das Orientierungswissen, das f\u00fcr einen Durchblick in politischen, gesellschaftlichen und wirtschaftlichen Themen sorgt, wird durch den Erwerb wichtiger Schl\u00fcsselqualifikationen begleitet. So stellt der Einsatz digitaler Medien und kooperativer Lernmethoden eine wichtige Komponente des sozialwissenschaftlichen Unterrichts dar. Denn der Erfolg eines kompetenzorientierten Unterrichts ist zu einem gro\u00dfen Teil von den Methoden und einem sinnvollen Medieneinsatz abh\u00e4ngig.&nbsp;<\/p>\n\n\n\n<p>Das Fach Sozialwissenschaften an der Wilhelm-Busch-Realschule (WBRS) ist ein Wahlpflichtfach, das vom 7. bis zum 10. Schuljahr unterrichtet wird. Dies bedeutet, dass die Sch\u00fclerinnen und Sch\u00fcler am Ende der 6. Klasse ein neues Fach, zum Beispiel Sozialwissenschaften, w\u00e4hlen k\u00f6nnen, das die Hauptf\u00e4cher Mathematik, Deutsch und Englisch durch ein weiteres Hauptfach erweitert.&nbsp;Daher werden auch hier Klassenarbeiten geschrieben, die die Endnote zu 50&nbsp;% ausmachen:<\/p>\n\n\n\n<p>Klasse 7: 6 Klassenarbeiten pro Schuljahr<\/p>\n\n\n\n<p>Klasse 8: 5 Klassenarbeiten pro Schuljahr<\/p>\n\n\n\n<p>Klasse 9: 4-5 Klassenarbeiten pro Schuljahr<\/p>\n\n\n\n<p>Klasse 10: 4-5 Klassenarbeiten pro Schuljahr<\/p>\n\n\n\n<p>Wir arbeiten an der WBRS mit dem Lehrwerk&nbsp;<em>Team<\/em> von dem Sch\u00f6ningh Verlag. Dieses Buch ist kompetenzorientiert angelegt. In den thematischen Schwerpunkten sind \u00dcbungen und Methoden zur Bildung von Sach-, Urteils-, Methoden- und Handlungskompetenz integriert.&nbsp;<\/p>\n\n\n\n<p>Das Fach Sozialwissenschaften ist genau das richtige f\u00fcr dich, wenn du,<\/p>\n\n\n\n<ul class=\"wp-block-list\"><li>dich f\u00fcr politische, gesellschaftliche und soziale Themen interessierst,<\/li><li>gerne \u00fcber gesellschaftlich relevante Themen diskutierst,<\/li><li>tagesaktuelle gesellschaftliche Problemlagen sowie Herausforderungen vertiefen m\u00f6chtest,<\/li><li>Freude daran hast, auch sprachlich anspruchsvollere Texte zu lesen und zu analysieren.<\/li><\/ul>\n\n\n\n<p>Wir freuen uns auf dich!<\/p>\n\n\n\n<p>Deine Fachschaft Sozialwissenschaften<\/p>\n","protected":false},"excerpt":{"rendered":"<p>\u201eDas gr\u00f6\u00dfte Ziel der Bildung ist nicht Wissen, sondern Handeln.\u201c Herbert Spencer Die Hauptaufgabe des Faches Sozialwissenschaften besteht darin, die Sch\u00fclerinnen und Sch\u00fcler zu m\u00fcndigen B\u00fcrgerinnen und B\u00fcrgern zu erziehen, [&hellip;]<\/p>\n","protected":false},"author":7,"featured_media":0,"parent":0,"menu_order":0,"comment_status":"closed","ping_status":"closed","template":"","meta":{"ngg_post_thumbnail":0,"ocean_post_layout":"","ocean_both_sidebars_style":"","ocean_both_sidebars_content_width":0,"ocean_both_sidebars_sidebars_width":0,"ocean_sidebar":"","ocean_second_sidebar":"","ocean_disable_margins":"enable","ocean_add_body_class":"","ocean_shortcode_before_top_bar":"","ocean_shortcode_after_top_bar":"","ocean_shortcode_before_header":"","ocean_shortcode_after_header":"","ocean_has_shortcode":"","ocean_shortcode_after_title":"","ocean_shortcode_before_footer_widgets":"","ocean_shortcode_after_footer_widgets":"","ocean_shortcode_before_footer_bottom":"","ocean_shortcode_after_footer_bottom":"","ocean_display_top_bar":"default","ocean_display_header":"default","ocean_header_style":"","ocean_center_header_left_menu":"","ocean_custom_header_template":"","ocean_custom_logo":0,"ocean_custom_retina_logo":0,"ocean_custom_logo_max_width":0,"ocean_custom_logo_tablet_max_width":0,"ocean_custom_logo_mobile_max_width":0,"ocean_custom_logo_max_height":0,"ocean_custom_logo_tablet_max_height":0,"ocean_custom_logo_mobile_max_height":0,"ocean_header_custom_menu":"","ocean_menu_typo_font_family":"","ocean_menu_typo_font_subset":"","ocean_menu_typo_font_size":0,"ocean_menu_typo_font_size_tablet":0,"ocean_menu_typo_font_size_mobile":0,"ocean_menu_typo_font_size_unit":"px","ocean_menu_typo_font_weight":"","ocean_menu_typo_font_weight_tablet":"","ocean_menu_typo_font_weight_mobile":"","ocean_menu_typo_transform":"","ocean_menu_typo_transform_tablet":"","ocean_menu_typo_transform_mobile":"","ocean_menu_typo_line_height":0,"ocean_menu_typo_line_height_tablet":0,"ocean_menu_typo_line_height_mobile":0,"ocean_menu_typo_line_height_unit":"","ocean_menu_typo_spacing":0,"ocean_menu_typo_spacing_tablet":0,"ocean_menu_typo_spacing_mobile":0,"ocean_menu_typo_spacing_unit":"","ocean_menu_link_color":"","ocean_menu_link_color_hover":"","ocean_menu_link_color_active":"","ocean_menu_link_background":"","ocean_menu_link_hover_background":"","ocean_menu_link_active_background":"","ocean_menu_social_links_bg":"","ocean_menu_social_hover_links_bg":"","ocean_menu_social_links_color":"","ocean_menu_social_hover_links_color":"","ocean_disable_title":"default","ocean_disable_heading":"default","ocean_post_title":"","ocean_post_subheading":"","ocean_post_title_style":"","ocean_post_title_background_color":"","ocean_post_title_background":0,"ocean_post_title_bg_image_position":"","ocean_post_title_bg_image_attachment":"","ocean_post_title_bg_image_repeat":"","ocean_post_title_bg_image_size":"","ocean_post_title_height":0,"ocean_post_title_bg_overlay":0.5,"ocean_post_title_bg_overlay_color":"","ocean_disable_breadcrumbs":"default","ocean_breadcrumbs_color":"","ocean_breadcrumbs_separator_color":"","ocean_breadcrumbs_links_color":"","ocean_breadcrumbs_links_hover_color":"","ocean_display_footer_widgets":"default","ocean_display_footer_bottom":"default","ocean_custom_footer_template":"","footnotes":""},"class_list":["post-3301","page","type-page","status-publish","hentry","entry"],"_links":{"self":[{"href":"https:\/\/www.wilhelm-busch-realschule.de\/index.php?rest_route=\/wp\/v2\/pages\/3301","targetHints":{"allow":["GET"]}}],"collection":[{"href":"https:\/\/www.wilhelm-busch-realschule.de\/index.php?rest_route=\/wp\/v2\/pages"}],"about":[{"href":"https:\/\/www.wilhelm-busch-realschule.de\/index.php?rest_route=\/wp\/v2\/types\/page"}],"author":[{"embeddable":true,"href":"https:\/\/www.wilhelm-busch-realschule.de\/index.php?rest_route=\/wp\/v2\/users\/7"}],"replies":[{"embeddable":true,"href":"https:\/\/www.wilhelm-busch-realschule.de\/index.php?rest_route=%2Fwp%2Fv2%2Fcomments&post=3301"}],"version-history":[{"count":3,"href":"https:\/\/www.wilhelm-busch-realschule.de\/index.php?rest_route=\/wp\/v2\/pages\/3301\/revisions"}],"predecessor-version":[{"id":4290,"href":"https:\/\/www.wilhelm-busch-realschule.de\/index.php?rest_route=\/wp\/v2\/pages\/3301\/revisions\/4290"}],"wp:attachment":[{"href":"https:\/\/www.wilhelm-busch-realschule.de\/index.php?rest_route=%2Fwp%2Fv2%2Fmedia&parent=3301"}],"curies":[{"name":"wp","href":"https:\/\/api.w.org\/{rel}","templated":true}]}}