{"id":3289,"date":"2020-06-28T18:53:41","date_gmt":"2020-06-28T16:53:41","guid":{"rendered":"http:\/\/wilhelm-busch-realschule.de\/?page_id=3289"},"modified":"2021-01-18T00:41:57","modified_gmt":"2021-01-17T23:41:57","slug":"katholische-religion","status":"publish","type":"page","link":"https:\/\/www.wilhelm-busch-realschule.de\/?page_id=3289","title":{"rendered":"Religion"},"content":{"rendered":"\n<p>Das Fach Religion<\/p>\n\n\n\n<p>Die F\u00e4cher Evangelische Religion und Katholische Religion werden zur Zeit als ein Fach Religion angeboten. Die Sch\u00fclerInnen der Klassen 5 und 6 nehmen nach Anmeldung durch die Eltern am Fach Religion teil.<\/p>\n\n\n\n<p>Das Fach wird zweist\u00fcndig unterrichtet.&nbsp;<\/p>\n\n\n\n<p>Wir haben das Lehrwerk \u201eZeit der Freude\u201c und arbeiten mit der Bibel (Einheits\u00fcbersetzung) und weiteren Arbeitsmaterialen.<\/p>\n\n\n\n<p>Es werden Unterrichtsvorhaben zu den Themenkreisen&nbsp; Christentum, Kirche und Gemeinde, Bibel, Gott, Jesus, die monotheistischen Religionen erarbeitet und diese, nach M\u00f6glichkeit, auch Immer in einen aktuellen gesellschaftlichen Bezug gestellt.<\/p>\n\n\n\n<p>Anfang Januar eines jeden Jahres machen die Sch\u00fclerInnen der 6.Klassen einen Krippengang, das ist ein Ausflug in die K\u00f6lner Innenstadt, auf dem wir uns in ausgew\u00e4hlten K\u00f6lner Kirchen die Krippen ansehen.<\/p>\n","protected":false},"excerpt":{"rendered":"<p>Das Fach Religion Die F\u00e4cher Evangelische Religion und Katholische Religion werden zur Zeit als ein Fach Religion angeboten. Die Sch\u00fclerInnen der Klassen 5 und 6 nehmen nach Anmeldung durch die [&hellip;]<\/p>\n","protected":false},"author":7,"featured_media":0,"parent":0,"menu_order":0,"comment_status":"closed","ping_status":"closed","template":"","meta":{"ngg_post_thumbnail":0,"ocean_post_layout":"","ocean_both_sidebars_style":"","ocean_both_sidebars_content_width":0,"ocean_both_sidebars_sidebars_width":0,"ocean_sidebar":"","ocean_second_sidebar":"","ocean_disable_margins":"enable","ocean_add_body_class":"","ocean_shortcode_before_top_bar":"","ocean_shortcode_after_top_bar":"","ocean_shortcode_before_header":"","ocean_shortcode_after_header":"","ocean_has_shortcode":"","ocean_shortcode_after_title":"","ocean_shortcode_before_footer_widgets":"","ocean_shortcode_after_footer_widgets":"","ocean_shortcode_before_footer_bottom":"","ocean_shortcode_after_footer_bottom":"","ocean_display_top_bar":"default","ocean_display_header":"default","ocean_header_style":"","ocean_center_header_left_menu":"","ocean_custom_header_template":"","ocean_custom_logo":0,"ocean_custom_retina_logo":0,"ocean_custom_logo_max_width":0,"ocean_custom_logo_tablet_max_width":0,"ocean_custom_logo_mobile_max_width":0,"ocean_custom_logo_max_height":0,"ocean_custom_logo_tablet_max_height":0,"ocean_custom_logo_mobile_max_height":0,"ocean_header_custom_menu":"","ocean_menu_typo_font_family":"","ocean_menu_typo_font_subset":"","ocean_menu_typo_font_size":0,"ocean_menu_typo_font_size_tablet":0,"ocean_menu_typo_font_size_mobile":0,"ocean_menu_typo_font_size_unit":"px","ocean_menu_typo_font_weight":"","ocean_menu_typo_font_weight_tablet":"","ocean_menu_typo_font_weight_mobile":"","ocean_menu_typo_transform":"","ocean_menu_typo_transform_tablet":"","ocean_menu_typo_transform_mobile":"","ocean_menu_typo_line_height":0,"ocean_menu_typo_line_height_tablet":0,"ocean_menu_typo_line_height_mobile":0,"ocean_menu_typo_line_height_unit":"","ocean_menu_typo_spacing":0,"ocean_menu_typo_spacing_tablet":0,"ocean_menu_typo_spacing_mobile":0,"ocean_menu_typo_spacing_unit":"","ocean_menu_link_color":"","ocean_menu_link_color_hover":"","ocean_menu_link_color_active":"","ocean_menu_link_background":"","ocean_menu_link_hover_background":"","ocean_menu_link_active_background":"","ocean_menu_social_links_bg":"","ocean_menu_social_hover_links_bg":"","ocean_menu_social_links_color":"","ocean_menu_social_hover_links_color":"","ocean_disable_title":"default","ocean_disable_heading":"default","ocean_post_title":"","ocean_post_subheading":"","ocean_post_title_style":"","ocean_post_title_background_color":"","ocean_post_title_background":0,"ocean_post_title_bg_image_position":"","ocean_post_title_bg_image_attachment":"","ocean_post_title_bg_image_repeat":"","ocean_post_title_bg_image_size":"","ocean_post_title_height":0,"ocean_post_title_bg_overlay":0.5,"ocean_post_title_bg_overlay_color":"","ocean_disable_breadcrumbs":"default","ocean_breadcrumbs_color":"","ocean_breadcrumbs_separator_color":"","ocean_breadcrumbs_links_color":"","ocean_breadcrumbs_links_hover_color":"","ocean_display_footer_widgets":"default","ocean_display_footer_bottom":"default","ocean_custom_footer_template":"","footnotes":""},"class_list":["post-3289","page","type-page","status-publish","hentry","entry"],"_links":{"self":[{"href":"https:\/\/www.wilhelm-busch-realschule.de\/index.php?rest_route=\/wp\/v2\/pages\/3289","targetHints":{"allow":["GET"]}}],"collection":[{"href":"https:\/\/www.wilhelm-busch-realschule.de\/index.php?rest_route=\/wp\/v2\/pages"}],"about":[{"href":"https:\/\/www.wilhelm-busch-realschule.de\/index.php?rest_route=\/wp\/v2\/types\/page"}],"author":[{"embeddable":true,"href":"https:\/\/www.wilhelm-busch-realschule.de\/index.php?rest_route=\/wp\/v2\/users\/7"}],"replies":[{"embeddable":true,"href":"https:\/\/www.wilhelm-busch-realschule.de\/index.php?rest_route=%2Fwp%2Fv2%2Fcomments&post=3289"}],"version-history":[{"count":3,"href":"https:\/\/www.wilhelm-busch-realschule.de\/index.php?rest_route=\/wp\/v2\/pages\/3289\/revisions"}],"predecessor-version":[{"id":4265,"href":"https:\/\/www.wilhelm-busch-realschule.de\/index.php?rest_route=\/wp\/v2\/pages\/3289\/revisions\/4265"}],"wp:attachment":[{"href":"https:\/\/www.wilhelm-busch-realschule.de\/index.php?rest_route=%2Fwp%2Fv2%2Fmedia&parent=3289"}],"curies":[{"name":"wp","href":"https:\/\/api.w.org\/{rel}","templated":true}]}}