{"id":3249,"date":"2020-06-28T18:26:11","date_gmt":"2020-06-28T16:26:11","guid":{"rendered":"http:\/\/wilhelm-busch-realschule.de\/?page_id=3249"},"modified":"2025-04-02T13:40:58","modified_gmt":"2025-04-02T11:40:58","slug":"schuelervertretung","status":"publish","type":"page","link":"https:\/\/www.wilhelm-busch-realschule.de\/?page_id=3249","title":{"rendered":"Sch\u00fclervertretung"},"content":{"rendered":"\n<figure class=\"wp-block-gallery columns-1 is-cropped wp-block-gallery-1 is-layout-flex wp-block-gallery-is-layout-flex\"><ul class=\"blocks-gallery-grid\"><li class=\"blocks-gallery-item\"><figure><img fetchpriority=\"high\" decoding=\"async\" width=\"1024\" height=\"1024\" src=\"https:\/\/www.wilhelm-busch-realschule.de\/wp-content\/uploads\/2025\/04\/WBRS-Sportfest-2024-9-1-1024x1024.png\" alt=\"\" data-id=\"6958\" data-full-url=\"https:\/\/www.wilhelm-busch-realschule.de\/wp-content\/uploads\/2025\/04\/WBRS-Sportfest-2024-9-1.png\" data-link=\"https:\/\/www.wilhelm-busch-realschule.de\/?attachment_id=6958\" class=\"wp-image-6958\" srcset=\"https:\/\/www.wilhelm-busch-realschule.de\/wp-content\/uploads\/2025\/04\/WBRS-Sportfest-2024-9-1-1024x1024.png 1024w, https:\/\/www.wilhelm-busch-realschule.de\/wp-content\/uploads\/2025\/04\/WBRS-Sportfest-2024-9-1-300x300.png 300w, https:\/\/www.wilhelm-busch-realschule.de\/wp-content\/uploads\/2025\/04\/WBRS-Sportfest-2024-9-1-150x150.png 150w, https:\/\/www.wilhelm-busch-realschule.de\/wp-content\/uploads\/2025\/04\/WBRS-Sportfest-2024-9-1-768x768.png 768w, https:\/\/www.wilhelm-busch-realschule.de\/wp-content\/uploads\/2025\/04\/WBRS-Sportfest-2024-9-1.png 1080w\" sizes=\"(max-width: 1024px) 100vw, 1024px\" \/><\/figure><\/li><\/ul><\/figure>\n\n\n<h4 class=\"p5\"><strong><span class=\"s2\">Wer ist die SV?<\/span><\/strong><\/h4>\n<p class=\"p5\"><span class=\"s1\">Die KlassensprecherInnen und stellvertretenden KlassensprecherInnen aller Klassen bilden die SV-Versammlung. Diese w\u00e4hlt eine(n) Sch\u00fclersprecherIn (=SchulsprecherIn) und eine(n) stellervertretende(n) Sch\u00fclersprecherIn. Au\u00dferdem w\u00e4hlt die SV-Vertretung einen SV-Lehrer. Diese Wahl kann auch in allen Klassen von allen Sch\u00fclern durchgef\u00fchrt werden. <\/span><\/p>\n<p class=\"p5\"><span class=\"s1\">An unserer Schule w\u00e4hlen die Sch\u00fclerinnen und Sch\u00fcler in aller Regel am Ende des Schuljahres den SV-Lehrer f\u00fcr das kommende Schuljahr.<\/span><\/p>\n<p class=\"p5\">\u00a0<\/p>\n\n\n<figure class=\"wp-block-image size-large\"><img decoding=\"async\" width=\"1024\" height=\"1024\" src=\"https:\/\/www.wilhelm-busch-realschule.de\/wp-content\/uploads\/2025\/04\/IMG_4736-1024x1024.png\" alt=\"\" class=\"wp-image-6960\" srcset=\"https:\/\/www.wilhelm-busch-realschule.de\/wp-content\/uploads\/2025\/04\/IMG_4736-1024x1024.png 1024w, https:\/\/www.wilhelm-busch-realschule.de\/wp-content\/uploads\/2025\/04\/IMG_4736-300x300.png 300w, https:\/\/www.wilhelm-busch-realschule.de\/wp-content\/uploads\/2025\/04\/IMG_4736-150x150.png 150w, https:\/\/www.wilhelm-busch-realschule.de\/wp-content\/uploads\/2025\/04\/IMG_4736-768x768.png 768w, https:\/\/www.wilhelm-busch-realschule.de\/wp-content\/uploads\/2025\/04\/IMG_4736.png 1080w\" sizes=\"(max-width: 1024px) 100vw, 1024px\" \/><\/figure>\n\n\n<h4 class=\"p1\"><span class=\"s1\" style=\"color: #000000;\"><b>SV-Arbeit an der Wilhelm-Busch-Realschule<\/b><\/span><\/h4>\n<p class=\"p4\"><span class=\"s1\">\u00a0<\/span><span class=\"s1\">&#8211; Bindeglied zwischen Sch\u00fclern und Lehrern<\/span><\/p>\n<p class=\"p5\"><span class=\"s1\">&#8211; Organisation von kleinen und gro\u00dfen Projekten, die das Schulleben bereichern<\/span><\/p>\n<p class=\"p5\"><span class=\"s1\">&#8211; Anlaufstelle f\u00fcr die Sch\u00fcler bei Fragen und W\u00fcnschen, Kritik und Problemen<\/span><\/p>\n<p class=\"p5\"><span class=\"s1\">&#8211; Mitwirkung in der Schulkonferenz<\/span><\/p>\n<p>\u00a0<\/p>\n\n\n<figure class=\"wp-block-image size-large\"><img decoding=\"async\" width=\"1024\" height=\"1024\" src=\"https:\/\/www.wilhelm-busch-realschule.de\/wp-content\/uploads\/2025\/04\/WBRS-Sportfest-2024-11-1024x1024.png\" alt=\"\" class=\"wp-image-6961\" srcset=\"https:\/\/www.wilhelm-busch-realschule.de\/wp-content\/uploads\/2025\/04\/WBRS-Sportfest-2024-11-1024x1024.png 1024w, https:\/\/www.wilhelm-busch-realschule.de\/wp-content\/uploads\/2025\/04\/WBRS-Sportfest-2024-11-300x300.png 300w, https:\/\/www.wilhelm-busch-realschule.de\/wp-content\/uploads\/2025\/04\/WBRS-Sportfest-2024-11-150x150.png 150w, https:\/\/www.wilhelm-busch-realschule.de\/wp-content\/uploads\/2025\/04\/WBRS-Sportfest-2024-11-768x768.png 768w, https:\/\/www.wilhelm-busch-realschule.de\/wp-content\/uploads\/2025\/04\/WBRS-Sportfest-2024-11.png 1080w\" sizes=\"(max-width: 1024px) 100vw, 1024px\" \/><\/figure>\n\n\n<h4 class=\"p5\"><span class=\"s1\"><b>Regelm\u00e4\u00dfige Projekte der SV<\/b><\/span><\/h4>\n<p class=\"p5\"><span class=\"s1\"><b>Rosenaktion<\/b> an Valentinstag<\/span><\/p>\n<p class=\"p5\"><span class=\"s1\"><b>Nikolausaktion<\/b> f\u00fcr die neuen 5. Kl\u00e4ssler<\/span><\/p>\n<p class=\"p5\"><span class=\"s1\">Mitarbeit in der <b>Schulkonferenz<\/b> und in <b>Fachkonferenzen<\/b><\/span><\/p>\n<p class=\"p5\"><span class=\"s1\">Teilnahme an <b>Teilkonferenzen<\/b><\/span><\/p>","protected":false},"excerpt":{"rendered":"<p>Wer ist die SV? Die KlassensprecherInnen und stellvertretenden KlassensprecherInnen aller Klassen bilden die SV-Versammlung. Diese w\u00e4hlt eine(n) Sch\u00fclersprecherIn (=SchulsprecherIn) und eine(n) stellervertretende(n) Sch\u00fclersprecherIn. Au\u00dferdem w\u00e4hlt die SV-Vertretung einen SV-Lehrer. Diese [&hellip;]<\/p>\n","protected":false},"author":7,"featured_media":0,"parent":0,"menu_order":0,"comment_status":"closed","ping_status":"closed","template":"","meta":{"ngg_post_thumbnail":0,"ocean_post_layout":"","ocean_both_sidebars_style":"","ocean_both_sidebars_content_width":0,"ocean_both_sidebars_sidebars_width":0,"ocean_sidebar":"","ocean_second_sidebar":"","ocean_disable_margins":"enable","ocean_add_body_class":"","ocean_shortcode_before_top_bar":"","ocean_shortcode_after_top_bar":"","ocean_shortcode_before_header":"","ocean_shortcode_after_header":"","ocean_has_shortcode":"","ocean_shortcode_after_title":"","ocean_shortcode_before_footer_widgets":"","ocean_shortcode_after_footer_widgets":"","ocean_shortcode_before_footer_bottom":"","ocean_shortcode_after_footer_bottom":"","ocean_display_top_bar":"default","ocean_display_header":"default","ocean_header_style":"","ocean_center_header_left_menu":"","ocean_custom_header_template":"","ocean_custom_logo":0,"ocean_custom_retina_logo":0,"ocean_custom_logo_max_width":0,"ocean_custom_logo_tablet_max_width":0,"ocean_custom_logo_mobile_max_width":0,"ocean_custom_logo_max_height":0,"ocean_custom_logo_tablet_max_height":0,"ocean_custom_logo_mobile_max_height":0,"ocean_header_custom_menu":"","ocean_menu_typo_font_family":"","ocean_menu_typo_font_subset":"","ocean_menu_typo_font_size":0,"ocean_menu_typo_font_size_tablet":0,"ocean_menu_typo_font_size_mobile":0,"ocean_menu_typo_font_size_unit":"px","ocean_menu_typo_font_weight":"","ocean_menu_typo_font_weight_tablet":"","ocean_menu_typo_font_weight_mobile":"","ocean_menu_typo_transform":"","ocean_menu_typo_transform_tablet":"","ocean_menu_typo_transform_mobile":"","ocean_menu_typo_line_height":0,"ocean_menu_typo_line_height_tablet":0,"ocean_menu_typo_line_height_mobile":0,"ocean_menu_typo_line_height_unit":"","ocean_menu_typo_spacing":0,"ocean_menu_typo_spacing_tablet":0,"ocean_menu_typo_spacing_mobile":0,"ocean_menu_typo_spacing_unit":"","ocean_menu_link_color":"","ocean_menu_link_color_hover":"","ocean_menu_link_color_active":"","ocean_menu_link_background":"","ocean_menu_link_hover_background":"","ocean_menu_link_active_background":"","ocean_menu_social_links_bg":"","ocean_menu_social_hover_links_bg":"","ocean_menu_social_links_color":"","ocean_menu_social_hover_links_color":"","ocean_disable_title":"default","ocean_disable_heading":"default","ocean_post_title":"","ocean_post_subheading":"","ocean_post_title_style":"","ocean_post_title_background_color":"","ocean_post_title_background":0,"ocean_post_title_bg_image_position":"","ocean_post_title_bg_image_attachment":"","ocean_post_title_bg_image_repeat":"","ocean_post_title_bg_image_size":"","ocean_post_title_height":0,"ocean_post_title_bg_overlay":0.5,"ocean_post_title_bg_overlay_color":"","ocean_disable_breadcrumbs":"default","ocean_breadcrumbs_color":"","ocean_breadcrumbs_separator_color":"","ocean_breadcrumbs_links_color":"","ocean_breadcrumbs_links_hover_color":"","ocean_display_footer_widgets":"default","ocean_display_footer_bottom":"default","ocean_custom_footer_template":"","footnotes":""},"class_list":["post-3249","page","type-page","status-publish","hentry","entry"],"_links":{"self":[{"href":"https:\/\/www.wilhelm-busch-realschule.de\/index.php?rest_route=\/wp\/v2\/pages\/3249","targetHints":{"allow":["GET"]}}],"collection":[{"href":"https:\/\/www.wilhelm-busch-realschule.de\/index.php?rest_route=\/wp\/v2\/pages"}],"about":[{"href":"https:\/\/www.wilhelm-busch-realschule.de\/index.php?rest_route=\/wp\/v2\/types\/page"}],"author":[{"embeddable":true,"href":"https:\/\/www.wilhelm-busch-realschule.de\/index.php?rest_route=\/wp\/v2\/users\/7"}],"replies":[{"embeddable":true,"href":"https:\/\/www.wilhelm-busch-realschule.de\/index.php?rest_route=%2Fwp%2Fv2%2Fcomments&post=3249"}],"version-history":[{"count":8,"href":"https:\/\/www.wilhelm-busch-realschule.de\/index.php?rest_route=\/wp\/v2\/pages\/3249\/revisions"}],"predecessor-version":[{"id":6962,"href":"https:\/\/www.wilhelm-busch-realschule.de\/index.php?rest_route=\/wp\/v2\/pages\/3249\/revisions\/6962"}],"wp:attachment":[{"href":"https:\/\/www.wilhelm-busch-realschule.de\/index.php?rest_route=%2Fwp%2Fv2%2Fmedia&parent=3249"}],"curies":[{"name":"wp","href":"https:\/\/api.w.org\/{rel}","templated":true}]}}