{"id":242,"date":"2015-09-03T13:03:37","date_gmt":"2015-09-03T11:03:37","guid":{"rendered":"http:\/\/wilhelm-busch-realschule.de\/?page_id=242"},"modified":"2019-03-05T17:41:56","modified_gmt":"2019-03-05T16:41:56","slug":"unsere-schulbibliothek","status":"publish","type":"page","link":"https:\/\/www.wilhelm-busch-realschule.de\/?page_id=242","title":{"rendered":"Unsere Schulbibliothek"},"content":{"rendered":"<p><span style=\"color: #000000;\"><strong>Bibliothek am Schulzentrum Z\u00fcndorf<\/strong><\/span><br \/>\n<span style=\"color: #000000;\"> \u00d6ffnungszeiten<\/span><br \/>\n<span style=\"color: #000000;\"> Mo: 8:15-14:30 Uhr<\/span><br \/>\n<span style=\"color: #000000;\"> Di, Mi, Fr: 8:15 &#8211; 13:35 Uhr<\/span><br \/>\n<span style=\"color: #000000;\"> Do: 8:15 &#8211; 13:35 Uhr und 15:00 &#8211; 16:30 Uhr<\/span><\/p>\n<p><span style=\"color: #000000;\">Kontakt<\/span><br \/>\n<span style=\"color: #000000;\"> Telefon: 02203-9920195<\/span><br \/>\n<span style=\"color: #000000;\"> EMail: <a href=\"mailto:bibliothek@lessing-gymnasium.eu\" target=\"_blank\" rel=\"noopener noreferrer\">bibliothek@lessing-gymnasium.<wbr \/>eu<\/a><br \/>\n<\/span><\/p>\n<p>Katalog zur Online-Recherche: <a href=\"https:\/\/schulbibliotheken-koeln.internetopac.de\/index.asp?DB=133901\">https:\/\/schulbibliotheken-koeln.internetopac.de\/index.asp?DB=133901\u00a0<\/a>(dort den Katalog vom &#8222;Schulzentrum Z\u00fcndorf&#8220; ausw\u00e4hlen)<\/p>\n<p><span style=\"color: #000000;\"><a style=\"color: #000000;\" href=\"http:\/\/wilhelm-busch-realschule.de\/wp-content\/uploads\/2015\/09\/bibi3.jpg\"><img fetchpriority=\"high\" decoding=\"async\" class=\"alignnone wp-image-329\" src=\"http:\/\/wilhelm-busch-realschule.de\/wp-content\/uploads\/2015\/09\/bibi3-300x169.jpg\" alt=\"bibi3\" width=\"372\" height=\"209\" srcset=\"https:\/\/www.wilhelm-busch-realschule.de\/wp-content\/uploads\/2015\/09\/bibi3-300x169.jpg 300w, https:\/\/www.wilhelm-busch-realschule.de\/wp-content\/uploads\/2015\/09\/bibi3-1024x576.jpg 1024w\" sizes=\"(max-width: 372px) 100vw, 372px\" \/><\/a><\/span><\/p>\n<p><span style=\"color: #000000;\">Die Sch\u00fcler und die Lehrer k\u00f6nnen die Bibliothek von der 1. bis zur 6. Schulstunde nutzen.<\/span><br \/>\n<span style=\"color: #000000;\"> Sie wird von den Bibliotheksangestellten Frau Hopp und Frau M\u00fcller gef\u00fchrt.Sie bietet euch viel Licht, Ruhe, angenehme Sitzm\u00f6glichkeiten und viele Arbeitspl\u00e4tze, um zu recherchieren (u.a. auch am PC), um zu arbeiten und um gem\u00fctlich zu lesen.<\/span><\/p>\n<p><span style=\"color: #000000;\"><strong>Unsere Schulb\u00fccherei<\/strong><\/span><br \/>\n<span style=\"color: #000000;\"> \u2192 Ein Ort zum Lernen<\/span><br \/>\n<span style=\"color: #000000;\"> \u2192 Ein Ort,um sich in Kleingruppen auszutauschen<\/span><br \/>\n<span style=\"color: #000000;\"> \u2192 Ein Ort der Ruhe<\/span><br \/>\n<span style=\"color: #000000;\"> \u2192 Ein Ort,um etwas Neues zu entdecken<\/span><br \/>\n<span style=\"color: #000000;\"> \u2192 Ein Ort,um Leseinteresse zu wecken und zu f\u00f6rdern<\/span><br \/>\n<span style=\"color: #000000;\"> \u2192 Ein des selbstst\u00e4ndigen Arbeiten und Lernen<\/span><\/p>\n<p><span style=\"color: #000000;\">Unsere Bibliothekarinnen stehen immer f\u00fcr Fragen zur Verf\u00fcgung und helfen den Sch\u00fclern wo sie nur k\u00f6nnen.<\/span><br \/>\n<span style=\"color: #000000;\"> Auch unsere kleinsten Bibliotheksbesucher, die neuen 5er, bekommen eine ausf\u00fchrliche Einf\u00fchrung in die Nutzung der Bibi. Sie bekommen von unseren Bibliothekarinnen sehr genau erkl\u00e4rt, wo sie die einzelnen B\u00fccher finden und wie alles geordnet ist, wie sie B\u00fccher ausleihen k\u00f6nnen und sie bekommen einen eigenen Bibliotheksausweis.<\/span><\/p>\n<p><span style=\"color: #000000;\">Die gro\u00dfen Pausen k\u00f6nnen die Sch\u00fcler und Sch\u00fclerinnen in der Bibliothek verbringen. Es sind t\u00e4glich ca. 300 Besucher pro Tag in der Bibliothek und es gibt rund 100 Entleihungen pro Tag. Unsere Bibliothekarinnen stehen immer f\u00fcr Fragen zur Verf\u00fcgung und helfen den Sch\u00fclern wo sie nur k\u00f6nnen.<\/span><\/p>\n<p><span style=\"color: #000000;\">Ein weiteres Angebot zum Kennenlernen der Bibi ist der so genannte &#8222;B\u00fccherwurm&#8220;. Die Kinder lernen spielerisch, wie sie sich in der Bibi zurecht finden k\u00f6nnen.<\/span><\/p>\n<p><span style=\"color: #000000;\">H\u00e4ufig gibt es in unserer Bibliothek auch Autorenlesungen, an denen viele Sch\u00fcler teilnehmen. Einmal im Jahr gibt es zwei Wochen lang das Pausenlesen, bei dem Sch\u00fcler und Lehrer zusammen neue B\u00fccher vorstellen und au\u00dferdem gibt es B\u00fccherausstellungen von neuen B\u00fcchern.<\/span><\/p>\n<p><span style=\"color: #000000;\">Viel Spa\u00df in der Bibi. Es findet sicher jeder das passende Buch.<\/span><\/p>\n<p><span style=\"color: #000000;\"><a style=\"color: #000000;\" href=\"http:\/\/wilhelm-busch-realschule.de\/wp-content\/uploads\/2015\/09\/bibi.jpg\"><img decoding=\"async\" class=\"alignnone size-medium wp-image-327\" src=\"http:\/\/wilhelm-busch-realschule.de\/wp-content\/uploads\/2015\/09\/bibi-300x169.jpg\" alt=\"bibi\" width=\"300\" height=\"169\" srcset=\"https:\/\/www.wilhelm-busch-realschule.de\/wp-content\/uploads\/2015\/09\/bibi-300x169.jpg 300w, https:\/\/www.wilhelm-busch-realschule.de\/wp-content\/uploads\/2015\/09\/bibi-1024x576.jpg 1024w\" sizes=\"(max-width: 300px) 100vw, 300px\" \/><\/a><\/span><\/p>\n<p><span style=\"color: #3366ff;\"><a style=\"color: #3366ff;\" href=\"http:\/\/wilhelm-busch-realschule.de\/wp-content\/uploads\/2015\/09\/Schulbibliothek-von-A-bis-Z.pdf\" target=\"_blank\" rel=\"noopener noreferrer\">Schulbibliothek von A bis Z <\/a><\/span><\/p>\n<p><a href=\"http:\/\/wilhelm-busch-realschule.de\/?p=878\">Tapetenwechsel &#8211; Bibiprojekt der Klassen 5a und 5c: http:\/\/wilhelm-busch-realschule.de\/?p=878<\/a><\/p>\n<p><a href=\"http:\/\/wilhelm-busch-realschule.de\/?p=1362\">Neue Sachb\u00fccher: http:\/\/wilhelm-busch-realschule.de\/?p=1362<\/a><\/p>\n","protected":false},"excerpt":{"rendered":"<p>Bibliothek am Schulzentrum Z\u00fcndorf \u00d6ffnungszeiten Mo: 8:15-14:30 Uhr Di, Mi, Fr: 8:15 &#8211; 13:35 Uhr Do: 8:15 &#8211; 13:35 Uhr und 15:00 &#8211; 16:30 Uhr Kontakt Telefon: 02203-9920195 EMail: bibliothek@lessing-gymnasium.eu [&hellip;]<\/p>\n","protected":false},"author":2,"featured_media":0,"parent":0,"menu_order":0,"comment_status":"closed","ping_status":"closed","template":"","meta":{"ngg_post_thumbnail":0,"ocean_post_layout":"","ocean_both_sidebars_style":"","ocean_both_sidebars_content_width":0,"ocean_both_sidebars_sidebars_width":0,"ocean_sidebar":"","ocean_second_sidebar":"","ocean_disable_margins":"enable","ocean_add_body_class":"","ocean_shortcode_before_top_bar":"","ocean_shortcode_after_top_bar":"","ocean_shortcode_before_header":"","ocean_shortcode_after_header":"","ocean_has_shortcode":"","ocean_shortcode_after_title":"","ocean_shortcode_before_footer_widgets":"","ocean_shortcode_after_footer_widgets":"","ocean_shortcode_before_footer_bottom":"","ocean_shortcode_after_footer_bottom":"","ocean_display_top_bar":"default","ocean_display_header":"default","ocean_header_style":"","ocean_center_header_left_menu":"","ocean_custom_header_template":"","ocean_custom_logo":0,"ocean_custom_retina_logo":0,"ocean_custom_logo_max_width":0,"ocean_custom_logo_tablet_max_width":0,"ocean_custom_logo_mobile_max_width":0,"ocean_custom_logo_max_height":0,"ocean_custom_logo_tablet_max_height":0,"ocean_custom_logo_mobile_max_height":0,"ocean_header_custom_menu":"","ocean_menu_typo_font_family":"","ocean_menu_typo_font_subset":"","ocean_menu_typo_font_size":0,"ocean_menu_typo_font_size_tablet":0,"ocean_menu_typo_font_size_mobile":0,"ocean_menu_typo_font_size_unit":"px","ocean_menu_typo_font_weight":"","ocean_menu_typo_font_weight_tablet":"","ocean_menu_typo_font_weight_mobile":"","ocean_menu_typo_transform":"","ocean_menu_typo_transform_tablet":"","ocean_menu_typo_transform_mobile":"","ocean_menu_typo_line_height":0,"ocean_menu_typo_line_height_tablet":0,"ocean_menu_typo_line_height_mobile":0,"ocean_menu_typo_line_height_unit":"","ocean_menu_typo_spacing":0,"ocean_menu_typo_spacing_tablet":0,"ocean_menu_typo_spacing_mobile":0,"ocean_menu_typo_spacing_unit":"","ocean_menu_link_color":"","ocean_menu_link_color_hover":"","ocean_menu_link_color_active":"","ocean_menu_link_background":"","ocean_menu_link_hover_background":"","ocean_menu_link_active_background":"","ocean_menu_social_links_bg":"","ocean_menu_social_hover_links_bg":"","ocean_menu_social_links_color":"","ocean_menu_social_hover_links_color":"","ocean_disable_title":"default","ocean_disable_heading":"default","ocean_post_title":"","ocean_post_subheading":"","ocean_post_title_style":"","ocean_post_title_background_color":"","ocean_post_title_background":0,"ocean_post_title_bg_image_position":"","ocean_post_title_bg_image_attachment":"","ocean_post_title_bg_image_repeat":"","ocean_post_title_bg_image_size":"","ocean_post_title_height":0,"ocean_post_title_bg_overlay":0.5,"ocean_post_title_bg_overlay_color":"","ocean_disable_breadcrumbs":"default","ocean_breadcrumbs_color":"","ocean_breadcrumbs_separator_color":"","ocean_breadcrumbs_links_color":"","ocean_breadcrumbs_links_hover_color":"","ocean_display_footer_widgets":"default","ocean_display_footer_bottom":"default","ocean_custom_footer_template":"","footnotes":""},"class_list":["post-242","page","type-page","status-publish","hentry","entry"],"_links":{"self":[{"href":"https:\/\/www.wilhelm-busch-realschule.de\/index.php?rest_route=\/wp\/v2\/pages\/242","targetHints":{"allow":["GET"]}}],"collection":[{"href":"https:\/\/www.wilhelm-busch-realschule.de\/index.php?rest_route=\/wp\/v2\/pages"}],"about":[{"href":"https:\/\/www.wilhelm-busch-realschule.de\/index.php?rest_route=\/wp\/v2\/types\/page"}],"author":[{"embeddable":true,"href":"https:\/\/www.wilhelm-busch-realschule.de\/index.php?rest_route=\/wp\/v2\/users\/2"}],"replies":[{"embeddable":true,"href":"https:\/\/www.wilhelm-busch-realschule.de\/index.php?rest_route=%2Fwp%2Fv2%2Fcomments&post=242"}],"version-history":[{"count":21,"href":"https:\/\/www.wilhelm-busch-realschule.de\/index.php?rest_route=\/wp\/v2\/pages\/242\/revisions"}],"predecessor-version":[{"id":1381,"href":"https:\/\/www.wilhelm-busch-realschule.de\/index.php?rest_route=\/wp\/v2\/pages\/242\/revisions\/1381"}],"wp:attachment":[{"href":"https:\/\/www.wilhelm-busch-realschule.de\/index.php?rest_route=%2Fwp%2Fv2%2Fmedia&parent=242"}],"curies":[{"name":"wp","href":"https:\/\/api.w.org\/{rel}","templated":true}]}}