{"id":193,"date":"2015-08-28T22:33:30","date_gmt":"2015-08-28T20:33:30","guid":{"rendered":"http:\/\/wilhelm-busch-realschule.de\/?page_id=193"},"modified":"2025-11-04T10:15:41","modified_gmt":"2025-11-04T09:15:41","slug":"berufswahlorientierung","status":"publish","type":"page","link":"https:\/\/www.wilhelm-busch-realschule.de\/?page_id=193","title":{"rendered":"BerufsOrientierungsB\u00fcro (BOB)"},"content":{"rendered":"<p>Liebe Sch\u00fclerinnen und Sch\u00fcler, Eltern und Erziehungsberechtigte,<\/p>\n<p>die Berufswahl ist ein Entscheidungsprozess, der lange vor Ende der Schulzeit beginnen muss. \u00a0Die richtige Wahl zu treffen gelingt nur durch eine Verbindung von Wissen, praktischen Erfahrungen und dem Kennen der eigenen Kompetenzen und Neigungen.<\/p>\n<p>In den Klassen 8\u2013 10 lernen die Sch\u00fcler und Sch\u00fclerinnen durch verschiedene Projekte und Aktivit\u00e4ten unterschiedliche Berufe und Berufswelten kennen.\u00a0 Au\u00dferdem werden sie in ihrer Berufswahlfindung begleitet von ihren Klassenlehrern, den Koordinatoren f\u00fcr die Berufsorientierung, externen Fachleuten und der Berufsberatung der Agentur f\u00fcr Arbeit (1x monatlich in der Schule).<\/p>\n<p>\u00a0<\/p>\n<p><strong>Klasse 8\u00a0<\/strong><\/p>\n<p>&#8211; Potenzialanalyse<\/p>\n<p>&#8211; Berufswelterkundung (Girls und Boys Day, Baubus, Metallbus, Jobwerk, Berufswahlpass)<\/p>\n<p>\u00a0<\/p>\n<p><strong>Klasse 9<\/strong><\/p>\n<p>&#8211; Besuch des BIZ<\/p>\n<p>&#8211; Vorstellung der Berufsberatung der Agentur f\u00fcr Arbeit<\/p>\n<p>&#8211; 3 w\u00f6chiges Betriebspraktikum<\/p>\n<p>&#8211; Besuch der Ausbildungsmesse<\/p>\n<p>\u00a0<\/p>\n<p><strong>Klasse 10<\/strong><\/p>\n<p>&#8211; verpflichtende Beratungsgespr\u00e4che<\/p>\n<p>&#8211; Besuch der Berufskollegsmesse<\/p>\n<p>&#8211; Besuch einer Ausbildungsmesse<\/p>\n<p>&#8211; individuelle Beratungen f\u00fcr Bewerbungsschreiben<\/p>\n<p>&#8211; zus\u00e4tzliche freiwillige Praktika<\/p>\n<p>&#8211; Sch\u00fcleronline-Tag\u00a0<\/p>\n<p>Die Vorbereitung der Sch\u00fclerinnen und Sch\u00fcler auf die Berufs- und Arbeitswelt sowie auf die zuk\u00fcnftige Berufsentscheidung findet in den Jahrgangsstufen 6 bis 10 statt.<\/p>\n<p>\u00a0<\/p>\n\n\n<figure class=\"wp-block-gallery columns-1 is-cropped wp-block-gallery-1 is-layout-flex wp-block-gallery-is-layout-flex\"><ul class=\"blocks-gallery-grid\"><li class=\"blocks-gallery-item\"><figure><img fetchpriority=\"high\" decoding=\"async\" width=\"1024\" height=\"1024\" src=\"https:\/\/www.wilhelm-busch-realschule.de\/wp-content\/uploads\/2025\/11\/Baubus-2526-1024x1024.png\" alt=\"\" data-id=\"7058\" data-full-url=\"https:\/\/www.wilhelm-busch-realschule.de\/wp-content\/uploads\/2025\/11\/Baubus-2526.png\" data-link=\"https:\/\/www.wilhelm-busch-realschule.de\/?attachment_id=7058\" class=\"wp-image-7058\" srcset=\"https:\/\/www.wilhelm-busch-realschule.de\/wp-content\/uploads\/2025\/11\/Baubus-2526-1024x1024.png 1024w, https:\/\/www.wilhelm-busch-realschule.de\/wp-content\/uploads\/2025\/11\/Baubus-2526-300x300.png 300w, https:\/\/www.wilhelm-busch-realschule.de\/wp-content\/uploads\/2025\/11\/Baubus-2526-150x150.png 150w, https:\/\/www.wilhelm-busch-realschule.de\/wp-content\/uploads\/2025\/11\/Baubus-2526-768x768.png 768w, https:\/\/www.wilhelm-busch-realschule.de\/wp-content\/uploads\/2025\/11\/Baubus-2526.png 1080w\" sizes=\"(max-width: 1024px) 100vw, 1024px\" \/><\/figure><\/li><\/ul><\/figure>\n\n\n\n<figure class=\"wp-block-image size-large\"><img decoding=\"async\" width=\"1024\" height=\"1024\" src=\"https:\/\/www.wilhelm-busch-realschule.de\/wp-content\/uploads\/2025\/02\/IMG_4602-1024x1024.png\" alt=\"\" class=\"wp-image-6889\" srcset=\"https:\/\/www.wilhelm-busch-realschule.de\/wp-content\/uploads\/2025\/02\/IMG_4602-1024x1024.png 1024w, https:\/\/www.wilhelm-busch-realschule.de\/wp-content\/uploads\/2025\/02\/IMG_4602-300x300.png 300w, https:\/\/www.wilhelm-busch-realschule.de\/wp-content\/uploads\/2025\/02\/IMG_4602-150x150.png 150w, https:\/\/www.wilhelm-busch-realschule.de\/wp-content\/uploads\/2025\/02\/IMG_4602-768x768.png 768w, https:\/\/www.wilhelm-busch-realschule.de\/wp-content\/uploads\/2025\/02\/IMG_4602.png 1080w\" sizes=\"(max-width: 1024px) 100vw, 1024px\" \/><\/figure>\n\n\n\n<p><em><a href=\"http:\/\/wilhelm-busch-realschule.de\/?page_id=2143\">Aktuelle Informationen in der unterrichtsfreien Zeit (Stand: 31.03.20)<\/a><\/em><\/p>\n","protected":false},"excerpt":{"rendered":"<p>Liebe Sch\u00fclerinnen und Sch\u00fcler, Eltern und Erziehungsberechtigte, die Berufswahl ist ein Entscheidungsprozess, der lange vor Ende der Schulzeit beginnen muss. \u00a0Die richtige Wahl zu treffen gelingt nur durch eine Verbindung [&hellip;]<\/p>\n","protected":false},"author":6,"featured_media":0,"parent":0,"menu_order":0,"comment_status":"closed","ping_status":"closed","template":"","meta":{"ngg_post_thumbnail":0,"ocean_post_layout":"","ocean_both_sidebars_style":"","ocean_both_sidebars_content_width":0,"ocean_both_sidebars_sidebars_width":0,"ocean_sidebar":"","ocean_second_sidebar":"","ocean_disable_margins":"enable","ocean_add_body_class":"","ocean_shortcode_before_top_bar":"","ocean_shortcode_after_top_bar":"","ocean_shortcode_before_header":"","ocean_shortcode_after_header":"","ocean_has_shortcode":"","ocean_shortcode_after_title":"","ocean_shortcode_before_footer_widgets":"","ocean_shortcode_after_footer_widgets":"","ocean_shortcode_before_footer_bottom":"","ocean_shortcode_after_footer_bottom":"","ocean_display_top_bar":"default","ocean_display_header":"default","ocean_header_style":"","ocean_center_header_left_menu":"","ocean_custom_header_template":"","ocean_custom_logo":0,"ocean_custom_retina_logo":0,"ocean_custom_logo_max_width":0,"ocean_custom_logo_tablet_max_width":0,"ocean_custom_logo_mobile_max_width":0,"ocean_custom_logo_max_height":0,"ocean_custom_logo_tablet_max_height":0,"ocean_custom_logo_mobile_max_height":0,"ocean_header_custom_menu":"","ocean_menu_typo_font_family":"","ocean_menu_typo_font_subset":"","ocean_menu_typo_font_size":0,"ocean_menu_typo_font_size_tablet":0,"ocean_menu_typo_font_size_mobile":0,"ocean_menu_typo_font_size_unit":"px","ocean_menu_typo_font_weight":"","ocean_menu_typo_font_weight_tablet":"","ocean_menu_typo_font_weight_mobile":"","ocean_menu_typo_transform":"","ocean_menu_typo_transform_tablet":"","ocean_menu_typo_transform_mobile":"","ocean_menu_typo_line_height":0,"ocean_menu_typo_line_height_tablet":0,"ocean_menu_typo_line_height_mobile":0,"ocean_menu_typo_line_height_unit":"","ocean_menu_typo_spacing":0,"ocean_menu_typo_spacing_tablet":0,"ocean_menu_typo_spacing_mobile":0,"ocean_menu_typo_spacing_unit":"","ocean_menu_link_color":"","ocean_menu_link_color_hover":"","ocean_menu_link_color_active":"","ocean_menu_link_background":"","ocean_menu_link_hover_background":"","ocean_menu_link_active_background":"","ocean_menu_social_links_bg":"","ocean_menu_social_hover_links_bg":"","ocean_menu_social_links_color":"","ocean_menu_social_hover_links_color":"","ocean_disable_title":"default","ocean_disable_heading":"default","ocean_post_title":"","ocean_post_subheading":"","ocean_post_title_style":"","ocean_post_title_background_color":"","ocean_post_title_background":0,"ocean_post_title_bg_image_position":"","ocean_post_title_bg_image_attachment":"","ocean_post_title_bg_image_repeat":"","ocean_post_title_bg_image_size":"","ocean_post_title_height":0,"ocean_post_title_bg_overlay":0.5,"ocean_post_title_bg_overlay_color":"","ocean_disable_breadcrumbs":"default","ocean_breadcrumbs_color":"","ocean_breadcrumbs_separator_color":"","ocean_breadcrumbs_links_color":"","ocean_breadcrumbs_links_hover_color":"","ocean_display_footer_widgets":"default","ocean_display_footer_bottom":"default","ocean_custom_footer_template":"","footnotes":""},"class_list":["post-193","page","type-page","status-publish","hentry","entry"],"_links":{"self":[{"href":"https:\/\/www.wilhelm-busch-realschule.de\/index.php?rest_route=\/wp\/v2\/pages\/193","targetHints":{"allow":["GET"]}}],"collection":[{"href":"https:\/\/www.wilhelm-busch-realschule.de\/index.php?rest_route=\/wp\/v2\/pages"}],"about":[{"href":"https:\/\/www.wilhelm-busch-realschule.de\/index.php?rest_route=\/wp\/v2\/types\/page"}],"author":[{"embeddable":true,"href":"https:\/\/www.wilhelm-busch-realschule.de\/index.php?rest_route=\/wp\/v2\/users\/6"}],"replies":[{"embeddable":true,"href":"https:\/\/www.wilhelm-busch-realschule.de\/index.php?rest_route=%2Fwp%2Fv2%2Fcomments&post=193"}],"version-history":[{"count":12,"href":"https:\/\/www.wilhelm-busch-realschule.de\/index.php?rest_route=\/wp\/v2\/pages\/193\/revisions"}],"predecessor-version":[{"id":7061,"href":"https:\/\/www.wilhelm-busch-realschule.de\/index.php?rest_route=\/wp\/v2\/pages\/193\/revisions\/7061"}],"wp:attachment":[{"href":"https:\/\/www.wilhelm-busch-realschule.de\/index.php?rest_route=%2Fwp%2Fv2%2Fmedia&parent=193"}],"curies":[{"name":"wp","href":"https:\/\/api.w.org\/{rel}","templated":true}]}}