{"id":153,"date":"2015-08-28T21:49:05","date_gmt":"2015-08-28T19:49:05","guid":{"rendered":"http:\/\/wilhelm-busch-realschule.de\/?page_id=153"},"modified":"2019-04-29T20:51:06","modified_gmt":"2019-04-29T18:51:06","slug":"foerderverein","status":"publish","type":"page","link":"https:\/\/www.wilhelm-busch-realschule.de\/?page_id=153","title":{"rendered":"F\u00f6rderverein"},"content":{"rendered":"<p><a href=\"http:\/\/wilhelm-busch-realschule.de\/wp-content\/uploads\/2015\/08\/f\u00f6wiburs__logo.jpg\"><img fetchpriority=\"high\" decoding=\"async\" class=\"alignnone size-medium wp-image-788\" src=\"http:\/\/wilhelm-busch-realschule.de\/wp-content\/uploads\/2015\/08\/f\u00f6wiburs__logo-300x227.jpg\" alt=\"f\u00f6wiburs__logo\" width=\"300\" height=\"227\" srcset=\"https:\/\/www.wilhelm-busch-realschule.de\/wp-content\/uploads\/2015\/08\/f\u00f6wiburs__logo-300x227.jpg 300w, https:\/\/www.wilhelm-busch-realschule.de\/wp-content\/uploads\/2015\/08\/f\u00f6wiburs__logo.jpg 354w\" sizes=\"(max-width: 300px) 100vw, 300px\" \/><\/a><\/p>\n<p><a href=\"http:\/\/wilhelm-busch-realschule.de\/?page_id=153\">Flyer des F\u00f6WiBuRS_au\u00dfen<\/a><\/p>\n<p><a href=\"http:\/\/wilhelm-busch-realschule.de\/wp-content\/uploads\/2018\/02\/Faltblatt_F\u00f6WiBuRS_innen.pdf\">Flyer des F\u00f6WiBuRS_innen<\/a><\/p>\n<p><a href=\"http:\/\/wilhelm-busch-realschule.de\/wp-content\/uploads\/2018\/02\/Aufruf_Mitglieder_2018_02.pdf\">Aufruf_Mitglieder_2018_02<\/a><\/p>\n<p><a href=\"http:\/\/wilhelm-busch-realschule.de\/wp-content\/uploads\/2018\/02\/Beitrittserkl\u00e4rung.pdf\">Beitrittserkl\u00e4rung<\/a><\/p>\n<p>Aktuelle Satzung des F\u00f6rdervereins:\u00a0\u00a0<a href=\"http:\/\/wilhelm-busch-realschule.de\/wp-content\/uploads\/2018\/05\/Satzung_neu.pdf\">Satzung_neu<\/a><\/p>\n<p>Aktuelle Informationen:<\/p>\n<p>Am 15.05.2019 findet die Jahreshauptversammlung des F\u00f6rdervereins statt! Die Einladung inkl. TOP gibt es hier zum Download. \u27a1<\/p>\n<p><a href=\"http:\/\/wilhelm-busch-realschule.de\/wp-content\/uploads\/2019\/04\/Einladung-JHV-F\u00f6rdervereins-2019.pdf\">Einladung zur JHV des F\u00f6rdervereins 2019<\/a><\/p>\n","protected":false},"excerpt":{"rendered":"<p>Flyer des F\u00f6WiBuRS_au\u00dfen Flyer des F\u00f6WiBuRS_innen Aufruf_Mitglieder_2018_02 Beitrittserkl\u00e4rung Aktuelle Satzung des F\u00f6rdervereins:\u00a0\u00a0Satzung_neu Aktuelle Informationen: Am 15.05.2019 findet die Jahreshauptversammlung des F\u00f6rdervereins statt! Die Einladung inkl. TOP gibt es hier zum [&hellip;]<\/p>\n","protected":false},"author":2,"featured_media":0,"parent":0,"menu_order":0,"comment_status":"closed","ping_status":"closed","template":"","meta":{"ngg_post_thumbnail":0,"ocean_post_layout":"","ocean_both_sidebars_style":"","ocean_both_sidebars_content_width":0,"ocean_both_sidebars_sidebars_width":0,"ocean_sidebar":"","ocean_second_sidebar":"","ocean_disable_margins":"enable","ocean_add_body_class":"","ocean_shortcode_before_top_bar":"","ocean_shortcode_after_top_bar":"","ocean_shortcode_before_header":"","ocean_shortcode_after_header":"","ocean_has_shortcode":"","ocean_shortcode_after_title":"","ocean_shortcode_before_footer_widgets":"","ocean_shortcode_after_footer_widgets":"","ocean_shortcode_before_footer_bottom":"","ocean_shortcode_after_footer_bottom":"","ocean_display_top_bar":"default","ocean_display_header":"default","ocean_header_style":"","ocean_center_header_left_menu":"","ocean_custom_header_template":"","ocean_custom_logo":0,"ocean_custom_retina_logo":0,"ocean_custom_logo_max_width":0,"ocean_custom_logo_tablet_max_width":0,"ocean_custom_logo_mobile_max_width":0,"ocean_custom_logo_max_height":0,"ocean_custom_logo_tablet_max_height":0,"ocean_custom_logo_mobile_max_height":0,"ocean_header_custom_menu":"","ocean_menu_typo_font_family":"","ocean_menu_typo_font_subset":"","ocean_menu_typo_font_size":0,"ocean_menu_typo_font_size_tablet":0,"ocean_menu_typo_font_size_mobile":0,"ocean_menu_typo_font_size_unit":"px","ocean_menu_typo_font_weight":"","ocean_menu_typo_font_weight_tablet":"","ocean_menu_typo_font_weight_mobile":"","ocean_menu_typo_transform":"","ocean_menu_typo_transform_tablet":"","ocean_menu_typo_transform_mobile":"","ocean_menu_typo_line_height":0,"ocean_menu_typo_line_height_tablet":0,"ocean_menu_typo_line_height_mobile":0,"ocean_menu_typo_line_height_unit":"","ocean_menu_typo_spacing":0,"ocean_menu_typo_spacing_tablet":0,"ocean_menu_typo_spacing_mobile":0,"ocean_menu_typo_spacing_unit":"","ocean_menu_link_color":"","ocean_menu_link_color_hover":"","ocean_menu_link_color_active":"","ocean_menu_link_background":"","ocean_menu_link_hover_background":"","ocean_menu_link_active_background":"","ocean_menu_social_links_bg":"","ocean_menu_social_hover_links_bg":"","ocean_menu_social_links_color":"","ocean_menu_social_hover_links_color":"","ocean_disable_title":"default","ocean_disable_heading":"default","ocean_post_title":"","ocean_post_subheading":"","ocean_post_title_style":"","ocean_post_title_background_color":"","ocean_post_title_background":0,"ocean_post_title_bg_image_position":"","ocean_post_title_bg_image_attachment":"","ocean_post_title_bg_image_repeat":"","ocean_post_title_bg_image_size":"","ocean_post_title_height":0,"ocean_post_title_bg_overlay":0.5,"ocean_post_title_bg_overlay_color":"","ocean_disable_breadcrumbs":"default","ocean_breadcrumbs_color":"","ocean_breadcrumbs_separator_color":"","ocean_breadcrumbs_links_color":"","ocean_breadcrumbs_links_hover_color":"","ocean_display_footer_widgets":"default","ocean_display_footer_bottom":"default","ocean_custom_footer_template":"","footnotes":""},"class_list":["post-153","page","type-page","status-publish","hentry","entry"],"_links":{"self":[{"href":"https:\/\/www.wilhelm-busch-realschule.de\/index.php?rest_route=\/wp\/v2\/pages\/153","targetHints":{"allow":["GET"]}}],"collection":[{"href":"https:\/\/www.wilhelm-busch-realschule.de\/index.php?rest_route=\/wp\/v2\/pages"}],"about":[{"href":"https:\/\/www.wilhelm-busch-realschule.de\/index.php?rest_route=\/wp\/v2\/types\/page"}],"author":[{"embeddable":true,"href":"https:\/\/www.wilhelm-busch-realschule.de\/index.php?rest_route=\/wp\/v2\/users\/2"}],"replies":[{"embeddable":true,"href":"https:\/\/www.wilhelm-busch-realschule.de\/index.php?rest_route=%2Fwp%2Fv2%2Fcomments&post=153"}],"version-history":[{"count":9,"href":"https:\/\/www.wilhelm-busch-realschule.de\/index.php?rest_route=\/wp\/v2\/pages\/153\/revisions"}],"predecessor-version":[{"id":1441,"href":"https:\/\/www.wilhelm-busch-realschule.de\/index.php?rest_route=\/wp\/v2\/pages\/153\/revisions\/1441"}],"wp:attachment":[{"href":"https:\/\/www.wilhelm-busch-realschule.de\/index.php?rest_route=%2Fwp%2Fv2%2Fmedia&parent=153"}],"curies":[{"name":"wp","href":"https:\/\/api.w.org\/{rel}","templated":true}]}}